{"id":230,"date":"2020-10-27T18:41:35","date_gmt":"2020-10-27T17:41:35","guid":{"rendered":"http:\/\/lemetalleuxgeek.com\/?page_id=230"},"modified":"2021-04-04T20:18:34","modified_gmt":"2021-04-04T18:18:34","slug":"le-metalleux-geek-le-croisement-des-mondes","status":"publish","type":"page","link":"https:\/\/lemetalleuxgeek.com\/index.php\/le-metalleux-geek-le-croisement-des-mondes\/","title":{"rendered":"Le M\u00e9talleux Geek &#8211; Le Croisement des Mondes (2021)"},"content":{"rendered":"\n<p class=\"has-text-align-center\">&#8220;<em>Le M\u00e9talleux Geek &#8211; Le Croisement des Mondes<\/em>&#8221; est un film de Julien Brehelin destin\u00e9 au streaming gratuit sur Youtube sorti le <em>4 Avril 2021<\/em>. Il est le r\u00e9sultat de 6 longues ann\u00e9es de travail purement b\u00e9n\u00e9vole.<\/p>\n\n\n\n<p class=\"has-text-align-center\"><br><strong>Synopsis<\/strong> : Des personnages issus d&#8217;univers virtuels viennent envahir la Terre tandis que l&#8217;humanit\u00e9 semble dispara\u00eetre petit \u00e0 petit dans un \u00e9clair de pixels. Faisant partie des derniers survivants, nos deux h\u00e9ros Gamers vont mettre \u00e0 profit leur courage et leurs connaissances pour r\u00e9tablir l&#8217;ordre des choses et d\u00e9couvrir qui se cache derri\u00e8re cette attaque num\u00e9rique&#8230;<\/p>\n\n\n\n<div class=\"wp-block-image\"><figure class=\"aligncenter size-large\"><img loading=\"lazy\" decoding=\"async\" width=\"768\" height=\"1024\" src=\"http:\/\/lemetalleuxgeek.com\/wp-content\/uploads\/2020\/12\/AffichePoster_00000-768x1024.jpg\" alt=\"\" class=\"wp-image-1201\" srcset=\"https:\/\/lemetalleuxgeek.com\/wp-content\/uploads\/2020\/12\/AffichePoster_00000-768x1024.jpg 768w, https:\/\/lemetalleuxgeek.com\/wp-content\/uploads\/2020\/12\/AffichePoster_00000-225x300.jpg 225w, https:\/\/lemetalleuxgeek.com\/wp-content\/uploads\/2020\/12\/AffichePoster_00000-1152x1536.jpg 1152w, https:\/\/lemetalleuxgeek.com\/wp-content\/uploads\/2020\/12\/AffichePoster_00000-1536x2048.jpg 1536w, https:\/\/lemetalleuxgeek.com\/wp-content\/uploads\/2020\/12\/AffichePoster_00000-45x60.jpg 45w, https:\/\/lemetalleuxgeek.com\/wp-content\/uploads\/2020\/12\/AffichePoster_00000-scaled.jpg 1920w\" sizes=\"auto, (max-width: 768px) 100vw, 768px\" \/><\/figure><\/div>\n\n\n\n<p><\/p>\n","protected":false},"excerpt":{"rendered":"<p>&#8220;Le M\u00e9talleux Geek &#8211; Le Croisement des Mondes&#8221; est un film de Julien Brehelin destin\u00e9 au streaming gratuit sur Youtube sorti le 4 Avril 2021. Il est le r\u00e9sultat de 6 longues ann\u00e9es de travail purement b\u00e9n\u00e9vole. Synopsis : Des personnages issus d&#8217;univers virtuels viennent envahir la Terre tandis que l&#8217;humanit\u00e9 semble dispara\u00eetre petit \u00e0 &hellip; <\/p>\n","protected":false},"author":1,"featured_media":0,"parent":0,"menu_order":0,"comment_status":"closed","ping_status":"closed","template":"","meta":{"footnotes":""},"class_list":["post-230","page","type-page","status-publish","hentry"],"_links":{"self":[{"href":"https:\/\/lemetalleuxgeek.com\/index.php\/wp-json\/wp\/v2\/pages\/230","targetHints":{"allow":["GET"]}}],"collection":[{"href":"https:\/\/lemetalleuxgeek.com\/index.php\/wp-json\/wp\/v2\/pages"}],"about":[{"href":"https:\/\/lemetalleuxgeek.com\/index.php\/wp-json\/wp\/v2\/types\/page"}],"author":[{"embeddable":true,"href":"https:\/\/lemetalleuxgeek.com\/index.php\/wp-json\/wp\/v2\/users\/1"}],"replies":[{"embeddable":true,"href":"https:\/\/lemetalleuxgeek.com\/index.php\/wp-json\/wp\/v2\/comments?post=230"}],"version-history":[{"count":8,"href":"https:\/\/lemetalleuxgeek.com\/index.php\/wp-json\/wp\/v2\/pages\/230\/revisions"}],"predecessor-version":[{"id":1338,"href":"https:\/\/lemetalleuxgeek.com\/index.php\/wp-json\/wp\/v2\/pages\/230\/revisions\/1338"}],"wp:attachment":[{"href":"https:\/\/lemetalleuxgeek.com\/index.php\/wp-json\/wp\/v2\/media?parent=230"}],"curies":[{"name":"wp","href":"https:\/\/api.w.org\/{rel}","templated":true}]}}