{"id":1887,"date":"2023-11-30T11:18:18","date_gmt":"2023-11-30T10:18:18","guid":{"rendered":"https:\/\/lemetalleuxgeek.com\/?page_id=1887"},"modified":"2023-11-30T11:18:19","modified_gmt":"2023-11-30T10:18:19","slug":"un-jeu-megadrive-de-mon-enfance-que-personne-naime-et-qui-est-pourtant-tres-cool","status":"publish","type":"page","link":"https:\/\/lemetalleuxgeek.com\/index.php\/un-jeu-megadrive-de-mon-enfance-que-personne-naime-et-qui-est-pourtant-tres-cool\/","title":{"rendered":"Un jeu MEGADRIVE de mon enfance que PERSONNE n&#8217;aime et qui est pourtant tr\u00e8s COOL !"},"content":{"rendered":"\n<figure class=\"wp-block-embed aligncenter is-type-video is-provider-youtube wp-block-embed-youtube wp-embed-aspect-16-9 wp-has-aspect-ratio\"><div class=\"wp-block-embed__wrapper\">\n<iframe loading=\"lazy\" title=\"Un jeu MEGADRIVE de mon enfance que PERSONNE n&#039;aime et qui est pourtant tr\u00e8s COOL !\" width=\"1020\" height=\"574\" src=\"https:\/\/www.youtube.com\/embed\/NRcrb8nx_dg?feature=oembed\" frameborder=\"0\" allow=\"accelerometer; autoplay; clipboard-write; encrypted-media; gyroscope; picture-in-picture; web-share\" allowfullscreen><\/iframe>\n<\/div><\/figure>\n\n\n\n<p class=\"has-text-align-center\">Ca faisait un moment que je voulais vous pr\u00e9senter la version Megadrive de ce jeu l\u00e0, une cartouche sortie en fin de vie de la console, un jeu qui ne se tra\u00eene pas une super r\u00e9putation et que j&#8217;adorais pourtant \u00e9tant gamin. Surtout, je continue de l&#8217;aimer aujourd&#8217;hui ! Je vous montre \u00e7a pour que vous puissiez me dire ce que vous en pensez.<\/p>\n","protected":false},"excerpt":{"rendered":"<p>Ca faisait un moment que je voulais vous pr\u00e9senter la version Megadrive de ce jeu l\u00e0, une cartouche sortie en fin de vie de la console, un jeu qui ne se tra\u00eene pas une super r\u00e9putation et que j&#8217;adorais pourtant \u00e9tant gamin. Surtout, je continue de l&#8217;aimer aujourd&#8217;hui ! Je vous montre \u00e7a pour que &hellip; <\/p>\n","protected":false},"author":2,"featured_media":1888,"parent":0,"menu_order":0,"comment_status":"closed","ping_status":"closed","template":"","meta":{"footnotes":""},"class_list":["post-1887","page","type-page","status-publish","has-post-thumbnail","hentry"],"_links":{"self":[{"href":"https:\/\/lemetalleuxgeek.com\/index.php\/wp-json\/wp\/v2\/pages\/1887","targetHints":{"allow":["GET"]}}],"collection":[{"href":"https:\/\/lemetalleuxgeek.com\/index.php\/wp-json\/wp\/v2\/pages"}],"about":[{"href":"https:\/\/lemetalleuxgeek.com\/index.php\/wp-json\/wp\/v2\/types\/page"}],"author":[{"embeddable":true,"href":"https:\/\/lemetalleuxgeek.com\/index.php\/wp-json\/wp\/v2\/users\/2"}],"replies":[{"embeddable":true,"href":"https:\/\/lemetalleuxgeek.com\/index.php\/wp-json\/wp\/v2\/comments?post=1887"}],"version-history":[{"count":1,"href":"https:\/\/lemetalleuxgeek.com\/index.php\/wp-json\/wp\/v2\/pages\/1887\/revisions"}],"predecessor-version":[{"id":1889,"href":"https:\/\/lemetalleuxgeek.com\/index.php\/wp-json\/wp\/v2\/pages\/1887\/revisions\/1889"}],"wp:featuredmedia":[{"embeddable":true,"href":"https:\/\/lemetalleuxgeek.com\/index.php\/wp-json\/wp\/v2\/media\/1888"}],"wp:attachment":[{"href":"https:\/\/lemetalleuxgeek.com\/index.php\/wp-json\/wp\/v2\/media?parent=1887"}],"curies":[{"name":"wp","href":"https:\/\/api.w.org\/{rel}","templated":true}]}}