{"id":1661,"date":"2022-07-26T18:20:35","date_gmt":"2022-07-26T16:20:35","guid":{"rendered":"http:\/\/lemetalleuxgeek.com\/?page_id=1661"},"modified":"2025-12-12T16:09:00","modified_gmt":"2025-12-12T15:09:00","slug":"diana-geek-decouvre","status":"publish","type":"page","link":"https:\/\/lemetalleuxgeek.com\/index.php\/diana-geek-decouvre\/","title":{"rendered":"Diana Geek D\u00e9couvre"},"content":{"rendered":"\n<p class=\"has-text-align-center\">Diana Geek, c&#8217;est une gameuse n\u00e9e en 1999. On va donc la faire jouer \u00e0 des jeux r\u00e9tro cultes auxquels elle n&#8217;a jamais jou\u00e9 afin de voir ses r\u00e9actions en direct et en tirer son avis dans lequel il n&#8217;y aura pas une once de nostalgie !<\/p>\n\n\n\n<hr class=\"wp-block-separator has-css-opacity\"\/>\n\n\n\n<figure class=\"wp-block-embed is-type-wp-embed is-provider-le-metalleux-geek wp-block-embed-le-metalleux-geek\"><div class=\"wp-block-embed__wrapper\">\n<blockquote class=\"wp-embedded-content\" data-secret=\"iSZSNT476x\"><a href=\"https:\/\/lemetalleuxgeek.com\/index.php\/2025\/12\/12\/turok-dinosaur-hunter-diana-geek-decouvre\/\">Turok : Dinosaur Hunter | DIANA GEEK D\u00e9couvre<\/a><\/blockquote><iframe loading=\"lazy\" class=\"wp-embedded-content\" sandbox=\"allow-scripts\" security=\"restricted\" style=\"position: absolute; visibility: hidden;\" title=\"&#8220;Turok : Dinosaur Hunter | DIANA GEEK D\u00e9couvre&#8221; &#8212; LE METALLEUX GEEK\" src=\"https:\/\/lemetalleuxgeek.com\/index.php\/2025\/12\/12\/turok-dinosaur-hunter-diana-geek-decouvre\/embed\/#?secret=W8KPgjFaRO#?secret=iSZSNT476x\" data-secret=\"iSZSNT476x\" width=\"600\" height=\"338\" frameborder=\"0\" marginwidth=\"0\" marginheight=\"0\" scrolling=\"no\"><\/iframe>\n<\/div><\/figure>\n\n\n\n<figure class=\"wp-block-embed is-type-wp-embed is-provider-le-metalleux-geek wp-block-embed-le-metalleux-geek\"><div class=\"wp-block-embed__wrapper\">\n<blockquote class=\"wp-embedded-content\" data-secret=\"OV3rMk7kn9\"><a href=\"http:\/\/lemetalleuxgeek.com\/index.php\/2023\/06\/19\/the-house-of-the-dead-2-diana-geek-decouvre\/\">The House Of The Dead 2 | DIANA GEEK D\u00e9couvre<\/a><\/blockquote><iframe loading=\"lazy\" class=\"wp-embedded-content\" sandbox=\"allow-scripts\" security=\"restricted\" style=\"position: absolute; clip: rect(1px, 1px, 1px, 1px);\" title=\"\u00ab\u00a0The House Of The Dead 2 | DIANA GEEK D\u00e9couvre\u00a0\u00bb &#8212; LE METALLEUX GEEK\" src=\"http:\/\/lemetalleuxgeek.com\/index.php\/2023\/06\/19\/the-house-of-the-dead-2-diana-geek-decouvre\/embed\/#?secret=OV3rMk7kn9\" data-secret=\"OV3rMk7kn9\" width=\"600\" height=\"338\" frameborder=\"0\" marginwidth=\"0\" marginheight=\"0\" scrolling=\"no\"><\/iframe>\n<\/div><\/figure>\n\n\n\n<figure class=\"wp-block-embed is-type-wp-embed is-provider-le-metalleux-geek wp-block-embed-le-metalleux-geek\"><div class=\"wp-block-embed__wrapper\">\n<blockquote class=\"wp-embedded-content\" data-secret=\"DHCAKRthFp\"><a href=\"http:\/\/lemetalleuxgeek.com\/index.php\/2023\/04\/14\/sonic-the-hedgehog-diana-geek-decouvre\/\">Sonic The Hedgehog | DIANA GEEK D\u00e9couvre<\/a><\/blockquote><iframe loading=\"lazy\" class=\"wp-embedded-content\" sandbox=\"allow-scripts\" security=\"restricted\" style=\"position: absolute; clip: rect(1px, 1px, 1px, 1px);\" title=\"\u00ab\u00a0Sonic The Hedgehog | DIANA GEEK D\u00e9couvre\u00a0\u00bb &#8212; LE METALLEUX GEEK\" src=\"http:\/\/lemetalleuxgeek.com\/index.php\/2023\/04\/14\/sonic-the-hedgehog-diana-geek-decouvre\/embed\/#?secret=DHCAKRthFp\" data-secret=\"DHCAKRthFp\" width=\"600\" height=\"338\" frameborder=\"0\" marginwidth=\"0\" marginheight=\"0\" scrolling=\"no\"><\/iframe>\n<\/div><\/figure>\n\n\n\n<figure class=\"wp-block-embed is-type-wp-embed is-provider-le-metalleux-geek wp-block-embed-le-metalleux-geek\"><div class=\"wp-block-embed__wrapper\">\n<blockquote class=\"wp-embedded-content\" data-secret=\"U4bijPeRII\"><a href=\"http:\/\/lemetalleuxgeek.com\/index.php\/2022\/12\/12\/dragons-lair-diana-geek-decouvre\/\">Dragon&rsquo;s Lair | DIANA GEEK D\u00e9couvre<\/a><\/blockquote><iframe loading=\"lazy\" class=\"wp-embedded-content\" sandbox=\"allow-scripts\" security=\"restricted\" style=\"position: absolute; clip: rect(1px, 1px, 1px, 1px);\" title=\"\u00ab\u00a0Dragon&rsquo;s Lair | DIANA GEEK D\u00e9couvre\u00a0\u00bb &#8212; LE METALLEUX GEEK\" src=\"http:\/\/lemetalleuxgeek.com\/index.php\/2022\/12\/12\/dragons-lair-diana-geek-decouvre\/embed\/#?secret=U4bijPeRII\" data-secret=\"U4bijPeRII\" width=\"600\" height=\"338\" frameborder=\"0\" marginwidth=\"0\" marginheight=\"0\" scrolling=\"no\"><\/iframe>\n<\/div><\/figure>\n\n\n\n<figure class=\"wp-block-embed is-type-wp-embed is-provider-le-metalleux-geek wp-block-embed-le-metalleux-geek\"><div class=\"wp-block-embed__wrapper\">\n<blockquote class=\"wp-embedded-content\" data-secret=\"NX56XQ2Yw5\"><a href=\"http:\/\/lemetalleuxgeek.com\/index.php\/2022\/07\/26\/donkey-kong-country-diana-geek-decouvre\/\">Donkey Kong Country | DIANA GEEK D\u00e9couvre<\/a><\/blockquote><iframe loading=\"lazy\" class=\"wp-embedded-content\" sandbox=\"allow-scripts\" security=\"restricted\" style=\"position: absolute; clip: rect(1px, 1px, 1px, 1px);\" title=\"\u00ab\u00a0Donkey Kong Country | DIANA GEEK D\u00e9couvre\u00a0\u00bb &#8212; LE METALLEUX GEEK\" src=\"http:\/\/lemetalleuxgeek.com\/index.php\/2022\/07\/26\/donkey-kong-country-diana-geek-decouvre\/embed\/#?secret=NX56XQ2Yw5\" data-secret=\"NX56XQ2Yw5\" width=\"600\" height=\"338\" frameborder=\"0\" marginwidth=\"0\" marginheight=\"0\" scrolling=\"no\"><\/iframe>\n<\/div><\/figure>\n","protected":false},"excerpt":{"rendered":"<p>Diana Geek, c&#8217;est une gameuse n\u00e9e en 1999. On va donc la faire jouer \u00e0 des jeux r\u00e9tro cultes auxquels elle n&#8217;a jamais jou\u00e9 afin de voir ses r\u00e9actions en direct et en tirer son avis dans lequel il n&#8217;y aura pas une once de nostalgie !<\/p>\n","protected":false},"author":2,"featured_media":0,"parent":0,"menu_order":0,"comment_status":"closed","ping_status":"closed","template":"","meta":{"footnotes":""},"class_list":["post-1661","page","type-page","status-publish","hentry"],"_links":{"self":[{"href":"https:\/\/lemetalleuxgeek.com\/index.php\/wp-json\/wp\/v2\/pages\/1661","targetHints":{"allow":["GET"]}}],"collection":[{"href":"https:\/\/lemetalleuxgeek.com\/index.php\/wp-json\/wp\/v2\/pages"}],"about":[{"href":"https:\/\/lemetalleuxgeek.com\/index.php\/wp-json\/wp\/v2\/types\/page"}],"author":[{"embeddable":true,"href":"https:\/\/lemetalleuxgeek.com\/index.php\/wp-json\/wp\/v2\/users\/2"}],"replies":[{"embeddable":true,"href":"https:\/\/lemetalleuxgeek.com\/index.php\/wp-json\/wp\/v2\/comments?post=1661"}],"version-history":[{"count":5,"href":"https:\/\/lemetalleuxgeek.com\/index.php\/wp-json\/wp\/v2\/pages\/1661\/revisions"}],"predecessor-version":[{"id":2202,"href":"https:\/\/lemetalleuxgeek.com\/index.php\/wp-json\/wp\/v2\/pages\/1661\/revisions\/2202"}],"wp:attachment":[{"href":"https:\/\/lemetalleuxgeek.com\/index.php\/wp-json\/wp\/v2\/media?parent=1661"}],"curies":[{"name":"wp","href":"https:\/\/api.w.org\/{rel}","templated":true}]}}