{"id":1418,"date":"2021-06-26T09:45:14","date_gmt":"2021-06-26T07:45:14","guid":{"rendered":"http:\/\/lemetalleuxgeek.com\/?page_id=1418"},"modified":"2021-06-26T09:45:15","modified_gmt":"2021-06-26T07:45:15","slug":"e3-2021","status":"publish","type":"page","link":"https:\/\/lemetalleuxgeek.com\/index.php\/e3-2021\/","title":{"rendered":"E3 2021"},"content":{"rendered":"\n<h2 class=\"has-text-align-center wp-block-heading\"><em>Retrouvez toutes les \u00e9missions et rediffusions LIVE \u00e0 propos de l&#8217;E3 de l&#8217;ann\u00e9e 2021 !<\/em><\/h2>\n\n\n\n<hr class=\"wp-block-separator\"\/>\n\n\n\n<figure class=\"wp-block-embed aligncenter is-type-video is-provider-youtube wp-block-embed-youtube wp-embed-aspect-16-9 wp-has-aspect-ratio\"><div class=\"wp-block-embed__wrapper\">\n<iframe loading=\"lazy\" title=\"Les 20 Meilleurs JEUX de l&#039;E3 2021 | Un rendez-vous chez le M\u00e9talleux Geek\" width=\"1020\" height=\"574\" src=\"https:\/\/www.youtube.com\/embed\/J8rOsQ8x_Dw?feature=oembed\" frameborder=\"0\" allow=\"accelerometer; autoplay; clipboard-write; encrypted-media; gyroscope; picture-in-picture\" allowfullscreen><\/iframe>\n<\/div><\/figure>\n\n\n\n<hr class=\"wp-block-separator\"\/>\n\n\n\n<figure class=\"wp-block-embed aligncenter is-type-video is-provider-youtube wp-block-embed-youtube wp-embed-aspect-16-9 wp-has-aspect-ratio\"><div class=\"wp-block-embed__wrapper\">\n<iframe loading=\"lazy\" title=\"Conf\u00e9rence &quot;Summer Game Fest&quot; \ud83c\udfae E3 2021\" width=\"1020\" height=\"574\" src=\"https:\/\/www.youtube.com\/embed\/WfQBOYhgTBo?feature=oembed\" frameborder=\"0\" allow=\"accelerometer; autoplay; clipboard-write; encrypted-media; gyroscope; picture-in-picture\" allowfullscreen><\/iframe>\n<\/div><\/figure>\n\n\n\n<figure class=\"wp-block-embed aligncenter is-type-video is-provider-youtube wp-block-embed-youtube wp-embed-aspect-16-9 wp-has-aspect-ratio\"><div class=\"wp-block-embed__wrapper\">\n<iframe loading=\"lazy\" title=\"Conf\u00e9rences Ubisoft et Devolver Digital ! \ud83c\udfae E3 2021\" width=\"1020\" height=\"574\" src=\"https:\/\/www.youtube.com\/embed\/5bz98uQLDpE?feature=oembed\" frameborder=\"0\" allow=\"accelerometer; autoplay; clipboard-write; encrypted-media; gyroscope; picture-in-picture\" allowfullscreen><\/iframe>\n<\/div><\/figure>\n\n\n\n<figure class=\"wp-block-embed aligncenter is-type-video is-provider-youtube wp-block-embed-youtube wp-embed-aspect-16-9 wp-has-aspect-ratio\"><div class=\"wp-block-embed__wrapper\">\n<iframe loading=\"lazy\" title=\"Xbox \/ Bethesda \/ Square Enix: Les GROSSES conf\u00e9rences !\ud83c\udfae E3 2021\" width=\"1020\" height=\"574\" src=\"https:\/\/www.youtube.com\/embed\/eA4YrZo5yQQ?feature=oembed\" frameborder=\"0\" allow=\"accelerometer; autoplay; clipboard-write; encrypted-media; gyroscope; picture-in-picture\" allowfullscreen><\/iframe>\n<\/div><\/figure>\n\n\n\n<figure class=\"wp-block-embed aligncenter is-type-video is-provider-youtube wp-block-embed-youtube wp-embed-aspect-16-9 wp-has-aspect-ratio\"><div class=\"wp-block-embed__wrapper\">\n<iframe loading=\"lazy\" title=\"Nintendo DIRECT | E3 2021 | Le nouveau ZELDA ?!\ud83c\udfaeOn suit les annonces de l&#039;E3 ensemble !\" width=\"1020\" height=\"574\" src=\"https:\/\/www.youtube.com\/embed\/j-ztVNfe25U?feature=oembed\" frameborder=\"0\" allow=\"accelerometer; autoplay; clipboard-write; encrypted-media; gyroscope; picture-in-picture\" allowfullscreen><\/iframe>\n<\/div><\/figure>\n","protected":false},"excerpt":{"rendered":"<p>Retrouvez toutes les \u00e9missions et rediffusions LIVE \u00e0 propos de l&#8217;E3 de l&#8217;ann\u00e9e 2021 !<\/p>\n","protected":false},"author":2,"featured_media":0,"parent":0,"menu_order":0,"comment_status":"closed","ping_status":"closed","template":"","meta":{"footnotes":""},"class_list":["post-1418","page","type-page","status-publish","hentry"],"_links":{"self":[{"href":"https:\/\/lemetalleuxgeek.com\/index.php\/wp-json\/wp\/v2\/pages\/1418","targetHints":{"allow":["GET"]}}],"collection":[{"href":"https:\/\/lemetalleuxgeek.com\/index.php\/wp-json\/wp\/v2\/pages"}],"about":[{"href":"https:\/\/lemetalleuxgeek.com\/index.php\/wp-json\/wp\/v2\/types\/page"}],"author":[{"embeddable":true,"href":"https:\/\/lemetalleuxgeek.com\/index.php\/wp-json\/wp\/v2\/users\/2"}],"replies":[{"embeddable":true,"href":"https:\/\/lemetalleuxgeek.com\/index.php\/wp-json\/wp\/v2\/comments?post=1418"}],"version-history":[{"count":1,"href":"https:\/\/lemetalleuxgeek.com\/index.php\/wp-json\/wp\/v2\/pages\/1418\/revisions"}],"predecessor-version":[{"id":1419,"href":"https:\/\/lemetalleuxgeek.com\/index.php\/wp-json\/wp\/v2\/pages\/1418\/revisions\/1419"}],"wp:attachment":[{"href":"https:\/\/lemetalleuxgeek.com\/index.php\/wp-json\/wp\/v2\/media?parent=1418"}],"curies":[{"name":"wp","href":"https:\/\/api.w.org\/{rel}","templated":true}]}}