{"id":141,"date":"2020-10-27T18:18:15","date_gmt":"2020-10-27T17:18:15","guid":{"rendered":"http:\/\/lemetalleuxgeek.com\/?page_id=141"},"modified":"2020-11-05T15:12:19","modified_gmt":"2020-11-05T14:12:19","slug":"voir-le-film-2","status":"publish","type":"page","link":"https:\/\/lemetalleuxgeek.com\/index.php\/voir-le-film-2\/","title":{"rendered":"Voir le film"},"content":{"rendered":"\n<blockquote class=\"wp-block-quote has-text-align-center is-layout-flow wp-block-quote-is-layout-flow\"><p>Regardez le film complet &#8220;Le M\u00e9talleux Geek &#8211; La Relique des Gamers&#8221; gratuitement en streaming<\/p><\/blockquote>\n\n\n\n<p class=\"has-text-align-center\"><br><strong>Synopsis<\/strong> : Deux jeunes gamers avides d&#8217;aventure apprennent l&#8217;existence d&#8217;une relique permettant de changer le cours de l&#8217;histoire selon la guise de celui qui l&#8217;utilise. Imm\u00e9diatement, les deux amis pensent \u00e0 leur d\u00e9sir de voir revenir SEGA en grand leader du jeu vid\u00e9o comme \u00e0 la bonne vieille \u00e9poque. Ils d\u00e9cident de tout faire pour obtenir cette relique mais se retrouveront face \u00e0 de nombreux obstacles mettant \u00e0 l&#8217;\u00e9preuve leur courage et leurs connaissances de gamers.<\/p>\n\n\n\n<figure class=\"wp-block-embed-youtube aligncenter wp-block-embed is-type-video is-provider-youtube wp-embed-aspect-16-9 wp-has-aspect-ratio\"><div class=\"wp-block-embed__wrapper\">\n<iframe loading=\"lazy\" title=\"[FILM] Le M\u00e9talleux Geek - La Relique des Gamers (2014)\" width=\"1020\" height=\"574\" src=\"https:\/\/www.youtube.com\/embed\/90_4_7khqY4?start=1&#038;feature=oembed\" frameborder=\"0\" allow=\"accelerometer; autoplay; clipboard-write; encrypted-media; gyroscope; picture-in-picture\" allowfullscreen><\/iframe>\n<\/div><\/figure>\n","protected":false},"excerpt":{"rendered":"<p>Regardez le film complet &#8220;Le M\u00e9talleux Geek &#8211; La Relique des Gamers&#8221; gratuitement en streaming Synopsis : Deux jeunes gamers avides d&#8217;aventure apprennent l&#8217;existence d&#8217;une relique permettant de changer le cours de l&#8217;histoire selon la guise de celui qui l&#8217;utilise. Imm\u00e9diatement, les deux amis pensent \u00e0 leur d\u00e9sir de voir revenir SEGA en grand leader &hellip; <\/p>\n","protected":false},"author":1,"featured_media":0,"parent":0,"menu_order":0,"comment_status":"closed","ping_status":"closed","template":"","meta":{"footnotes":""},"class_list":["post-141","page","type-page","status-publish","hentry"],"_links":{"self":[{"href":"https:\/\/lemetalleuxgeek.com\/index.php\/wp-json\/wp\/v2\/pages\/141","targetHints":{"allow":["GET"]}}],"collection":[{"href":"https:\/\/lemetalleuxgeek.com\/index.php\/wp-json\/wp\/v2\/pages"}],"about":[{"href":"https:\/\/lemetalleuxgeek.com\/index.php\/wp-json\/wp\/v2\/types\/page"}],"author":[{"embeddable":true,"href":"https:\/\/lemetalleuxgeek.com\/index.php\/wp-json\/wp\/v2\/users\/1"}],"replies":[{"embeddable":true,"href":"https:\/\/lemetalleuxgeek.com\/index.php\/wp-json\/wp\/v2\/comments?post=141"}],"version-history":[{"count":4,"href":"https:\/\/lemetalleuxgeek.com\/index.php\/wp-json\/wp\/v2\/pages\/141\/revisions"}],"predecessor-version":[{"id":951,"href":"https:\/\/lemetalleuxgeek.com\/index.php\/wp-json\/wp\/v2\/pages\/141\/revisions\/951"}],"wp:attachment":[{"href":"https:\/\/lemetalleuxgeek.com\/index.php\/wp-json\/wp\/v2\/media?parent=141"}],"curies":[{"name":"wp","href":"https:\/\/api.w.org\/{rel}","templated":true}]}}