{"id":139,"date":"2020-10-27T18:16:41","date_gmt":"2020-10-27T17:16:41","guid":{"rendered":"http:\/\/lemetalleuxgeek.com\/?page_id=139"},"modified":"2020-10-31T16:18:27","modified_gmt":"2020-10-31T15:18:27","slug":"le-metalleux-geek-la-relique-des-gamers","status":"publish","type":"page","link":"https:\/\/lemetalleuxgeek.com\/index.php\/le-metalleux-geek-la-relique-des-gamers\/","title":{"rendered":"Le M\u00e9talleux Geek &#8211; La Relique des Gamers (2014)"},"content":{"rendered":"\n<p class=\"has-text-align-center\">&#8220;<em>Le M\u00e9talleux Geek &#8211; La Relique des Gamers<\/em>&#8221; est un film r\u00e9alis\u00e9 par Julien Brehelin et sorti le <em>5 Septembre 2014<\/em> en visionnage libre sur Internet.<\/p>\n\n\n\n<p class=\"has-text-align-center\"><br><strong>Synopsis<\/strong> : Deux jeunes gamers avides d&#8217;aventure apprennent l&#8217;existence d&#8217;une relique permettant de changer le cours de l&#8217;histoire selon la guise de celui qui l&#8217;utilise. Imm\u00e9diatement, les deux amis pensent \u00e0 leur d\u00e9sir de voir revenir SEGA en grand leader du jeu vid\u00e9o comme \u00e0 la bonne vieille \u00e9poque. Ils d\u00e9cident de tout faire pour obtenir cette relique mais se retrouveront face \u00e0 de nombreux obstacles mettant \u00e0 l&#8217;\u00e9preuve leur courage et leurs connaissances de gamers.<\/p>\n\n\n\n<div class=\"wp-block-image is-style-default\"><figure class=\"aligncenter size-large\"><img loading=\"lazy\" decoding=\"async\" width=\"683\" height=\"1024\" src=\"http:\/\/lemetalleuxgeek.com\/wp-content\/uploads\/2020\/10\/1239060_889120631116190_3364684113430137832_o-683x1024.jpg\" alt=\"\" class=\"wp-image-27\" srcset=\"https:\/\/lemetalleuxgeek.com\/wp-content\/uploads\/2020\/10\/1239060_889120631116190_3364684113430137832_o-683x1024.jpg 683w, https:\/\/lemetalleuxgeek.com\/wp-content\/uploads\/2020\/10\/1239060_889120631116190_3364684113430137832_o-200x300.jpg 200w, https:\/\/lemetalleuxgeek.com\/wp-content\/uploads\/2020\/10\/1239060_889120631116190_3364684113430137832_o-768x1152.jpg 768w, https:\/\/lemetalleuxgeek.com\/wp-content\/uploads\/2020\/10\/1239060_889120631116190_3364684113430137832_o.jpg 1365w\" sizes=\"auto, (max-width: 683px) 100vw, 683px\" \/><\/figure><\/div>\n","protected":false},"excerpt":{"rendered":"<p>&#8220;Le M\u00e9talleux Geek &#8211; La Relique des Gamers&#8221; est un film r\u00e9alis\u00e9 par Julien Brehelin et sorti le 5 Septembre 2014 en visionnage libre sur Internet. Synopsis : Deux jeunes gamers avides d&#8217;aventure apprennent l&#8217;existence d&#8217;une relique permettant de changer le cours de l&#8217;histoire selon la guise de celui qui l&#8217;utilise. Imm\u00e9diatement, les deux amis &hellip; <\/p>\n","protected":false},"author":1,"featured_media":0,"parent":0,"menu_order":0,"comment_status":"closed","ping_status":"closed","template":"","meta":{"footnotes":""},"class_list":["post-139","page","type-page","status-publish","hentry"],"_links":{"self":[{"href":"https:\/\/lemetalleuxgeek.com\/index.php\/wp-json\/wp\/v2\/pages\/139","targetHints":{"allow":["GET"]}}],"collection":[{"href":"https:\/\/lemetalleuxgeek.com\/index.php\/wp-json\/wp\/v2\/pages"}],"about":[{"href":"https:\/\/lemetalleuxgeek.com\/index.php\/wp-json\/wp\/v2\/types\/page"}],"author":[{"embeddable":true,"href":"https:\/\/lemetalleuxgeek.com\/index.php\/wp-json\/wp\/v2\/users\/1"}],"replies":[{"embeddable":true,"href":"https:\/\/lemetalleuxgeek.com\/index.php\/wp-json\/wp\/v2\/comments?post=139"}],"version-history":[{"count":7,"href":"https:\/\/lemetalleuxgeek.com\/index.php\/wp-json\/wp\/v2\/pages\/139\/revisions"}],"predecessor-version":[{"id":524,"href":"https:\/\/lemetalleuxgeek.com\/index.php\/wp-json\/wp\/v2\/pages\/139\/revisions\/524"}],"wp:attachment":[{"href":"https:\/\/lemetalleuxgeek.com\/index.php\/wp-json\/wp\/v2\/media?parent=139"}],"curies":[{"name":"wp","href":"https:\/\/api.w.org\/{rel}","templated":true}]}}