{"id":130,"date":"2020-10-27T18:13:28","date_gmt":"2020-10-27T17:13:28","guid":{"rendered":"http:\/\/lemetalleuxgeek.com\/?page_id=130"},"modified":"2021-04-04T20:15:51","modified_gmt":"2021-04-04T18:15:51","slug":"voir-le-film","status":"publish","type":"page","link":"https:\/\/lemetalleuxgeek.com\/index.php\/voir-le-film\/","title":{"rendered":"Voir le film"},"content":{"rendered":"\n<blockquote class=\"wp-block-quote has-text-align-center is-layout-flow wp-block-quote-is-layout-flow\"><p>Regardez le film complet &#8220;Le M\u00e9talleux Geek &#8211; Le Croisement des Mondes&#8221; gratuitement en streaming<\/p><\/blockquote>\n\n\n\n<p class=\"has-text-align-center\"><br><strong>Synopsis<\/strong> : Des personnages issus d&#8217;univers virtuels viennent envahir la Terre tandis que l&#8217;humanit\u00e9 semble dispara\u00eetre petit \u00e0 petit dans un \u00e9clair de pixels. Faisant partie des derniers survivants, nos deux h\u00e9ros Gamers vont mettre \u00e0 profit leur courage et leurs connaissances pour r\u00e9tablir l&#8217;ordre des choses et d\u00e9couvrir qui se cache derri\u00e8re cette attaque num\u00e9rique&#8230;<\/p>\n\n\n\n<figure class=\"wp-block-embed-youtube aligncenter wp-block-embed is-type-video is-provider-youtube wp-embed-aspect-16-9 wp-has-aspect-ratio\"><div class=\"wp-block-embed__wrapper\">\n<iframe loading=\"lazy\" title=\"[FILM] Le M\u00e9talleux Geek - Le Croisement des Mondes (2021)\" width=\"1020\" height=\"574\" src=\"https:\/\/www.youtube.com\/embed\/nTyeaiNxFgU?feature=oembed\" frameborder=\"0\" allow=\"accelerometer; autoplay; clipboard-write; encrypted-media; gyroscope; picture-in-picture\" allowfullscreen><\/iframe>\n<\/div><\/figure>\n","protected":false},"excerpt":{"rendered":"<p>Regardez le film complet &#8220;Le M\u00e9talleux Geek &#8211; Le Croisement des Mondes&#8221; gratuitement en streaming Synopsis : Des personnages issus d&#8217;univers virtuels viennent envahir la Terre tandis que l&#8217;humanit\u00e9 semble dispara\u00eetre petit \u00e0 petit dans un \u00e9clair de pixels. Faisant partie des derniers survivants, nos deux h\u00e9ros Gamers vont mettre \u00e0 profit leur courage et &hellip; <\/p>\n","protected":false},"author":1,"featured_media":0,"parent":0,"menu_order":0,"comment_status":"closed","ping_status":"closed","template":"","meta":{"footnotes":""},"class_list":["post-130","page","type-page","status-publish","hentry"],"_links":{"self":[{"href":"https:\/\/lemetalleuxgeek.com\/index.php\/wp-json\/wp\/v2\/pages\/130","targetHints":{"allow":["GET"]}}],"collection":[{"href":"https:\/\/lemetalleuxgeek.com\/index.php\/wp-json\/wp\/v2\/pages"}],"about":[{"href":"https:\/\/lemetalleuxgeek.com\/index.php\/wp-json\/wp\/v2\/types\/page"}],"author":[{"embeddable":true,"href":"https:\/\/lemetalleuxgeek.com\/index.php\/wp-json\/wp\/v2\/users\/1"}],"replies":[{"embeddable":true,"href":"https:\/\/lemetalleuxgeek.com\/index.php\/wp-json\/wp\/v2\/comments?post=130"}],"version-history":[{"count":3,"href":"https:\/\/lemetalleuxgeek.com\/index.php\/wp-json\/wp\/v2\/pages\/130\/revisions"}],"predecessor-version":[{"id":1337,"href":"https:\/\/lemetalleuxgeek.com\/index.php\/wp-json\/wp\/v2\/pages\/130\/revisions\/1337"}],"wp:attachment":[{"href":"https:\/\/lemetalleuxgeek.com\/index.php\/wp-json\/wp\/v2\/media?parent=130"}],"curies":[{"name":"wp","href":"https:\/\/api.w.org\/{rel}","templated":true}]}}