{"id":125,"date":"2020-10-27T18:09:32","date_gmt":"2020-10-27T17:09:32","guid":{"rendered":"http:\/\/lemetalleuxgeek.com\/?page_id=125"},"modified":"2021-04-18T10:13:03","modified_gmt":"2021-04-18T08:13:03","slug":"vous-avez-la-parole","status":"publish","type":"page","link":"https:\/\/lemetalleuxgeek.com\/index.php\/vous-avez-la-parole\/","title":{"rendered":"Vous avez la parole"},"content":{"rendered":"\n<p>Le M\u00e9talleux Geek part \u00e0 votre rencontre, micro \u00e0 la main, pour poser les questions les plus existentielles de la pop culture\u2026<br><\/p>\n\n\n\n<figure class=\"wp-block-embed is-type-wp-embed is-provider-le-metalleux-geek wp-block-embed-le-metalleux-geek\"><div class=\"wp-block-embed__wrapper\">\n<blockquote class=\"wp-embedded-content\" data-secret=\"838wpBIRwV\"><a href=\"http:\/\/lemetalleuxgeek.com\/index.php\/2020\/11\/02\/superman-ou-sangoku-vous-avez-la-parole-japanonymes-2018\/\">SUPERMAN ou SANGOKU ? &#8211; Vous avez la parole [Japanonymes 2018]<\/a><\/blockquote><iframe loading=\"lazy\" class=\"wp-embedded-content\" sandbox=\"allow-scripts\" security=\"restricted\" style=\"position: absolute; clip: rect(1px, 1px, 1px, 1px);\" title=\"\u00ab\u00a0SUPERMAN ou SANGOKU ? &#8211; Vous avez la parole [Japanonymes 2018]\u00a0\u00bb &#8212; LE METALLEUX GEEK\" src=\"http:\/\/lemetalleuxgeek.com\/index.php\/2020\/11\/02\/superman-ou-sangoku-vous-avez-la-parole-japanonymes-2018\/embed\/#?secret=838wpBIRwV\" data-secret=\"838wpBIRwV\" width=\"600\" height=\"338\" frameborder=\"0\" marginwidth=\"0\" marginheight=\"0\" scrolling=\"no\"><\/iframe>\n<\/div><\/figure>\n\n\n\n<figure class=\"wp-block-embed is-type-wp-embed is-provider-le-metalleux-geek wp-block-embed-le-metalleux-geek\"><div class=\"wp-block-embed__wrapper\">\n<blockquote class=\"wp-embedded-content\" data-secret=\"vrIfIDN0u6\"><a href=\"http:\/\/lemetalleuxgeek.com\/index.php\/2020\/11\/02\/crash-ou-spyro-feat-kayanetv-vous-avez-la-parole-geek-unchained-2018\/\">CRASH ou SPYRO ? (feat KayaneTV ) &#8211; Vous avez la parole [Geek Unchained 2018]<\/a><\/blockquote><iframe loading=\"lazy\" class=\"wp-embedded-content\" sandbox=\"allow-scripts\" security=\"restricted\" style=\"position: absolute; clip: rect(1px, 1px, 1px, 1px);\" title=\"\u00ab\u00a0CRASH ou SPYRO ? (feat KayaneTV ) &#8211; Vous avez la parole [Geek Unchained 2018]\u00a0\u00bb &#8212; LE METALLEUX GEEK\" src=\"http:\/\/lemetalleuxgeek.com\/index.php\/2020\/11\/02\/crash-ou-spyro-feat-kayanetv-vous-avez-la-parole-geek-unchained-2018\/embed\/#?secret=vrIfIDN0u6\" data-secret=\"vrIfIDN0u6\" width=\"600\" height=\"338\" frameborder=\"0\" marginwidth=\"0\" marginheight=\"0\" scrolling=\"no\"><\/iframe>\n<\/div><\/figure>\n\n\n\n<figure class=\"wp-block-embed is-type-wp-embed is-provider-le-metalleux-geek wp-block-embed-le-metalleux-geek\"><div class=\"wp-block-embed__wrapper\">\n<blockquote class=\"wp-embedded-content\" data-secret=\"AIUMV0WW92\"><a href=\"http:\/\/lemetalleuxgeek.com\/index.php\/2020\/11\/02\/console-ou-pc-vous-avez-la-parole-nice-geek-expo-2018\/\">Console ou PC ? &#8211; Vous avez la parole [Nice Geek Expo 2018]<\/a><\/blockquote><iframe loading=\"lazy\" class=\"wp-embedded-content\" sandbox=\"allow-scripts\" security=\"restricted\" style=\"position: absolute; clip: rect(1px, 1px, 1px, 1px);\" title=\"\u00ab\u00a0Console ou PC ? &#8211; Vous avez la parole [Nice Geek Expo 2018]\u00a0\u00bb &#8212; LE METALLEUX GEEK\" src=\"http:\/\/lemetalleuxgeek.com\/index.php\/2020\/11\/02\/console-ou-pc-vous-avez-la-parole-nice-geek-expo-2018\/embed\/#?secret=AIUMV0WW92\" data-secret=\"AIUMV0WW92\" width=\"600\" height=\"338\" frameborder=\"0\" marginwidth=\"0\" marginheight=\"0\" scrolling=\"no\"><\/iframe>\n<\/div><\/figure>\n\n\n\n<figure class=\"wp-block-embed is-type-wp-embed is-provider-le-metalleux-geek wp-block-embed-le-metalleux-geek\"><div class=\"wp-block-embed__wrapper\">\n<blockquote class=\"wp-embedded-content\" data-secret=\"ESXctlGokX\"><a href=\"http:\/\/lemetalleuxgeek.com\/index.php\/2020\/11\/02\/xbox-one-ou-ps4-vous-avez-la-parole-mangazur-2018\/\">XBOX ONE ou PS4 ? &#8211; Vous avez la parole [Mang&rsquo;Azur 2018]<\/a><\/blockquote><iframe loading=\"lazy\" class=\"wp-embedded-content\" sandbox=\"allow-scripts\" security=\"restricted\" style=\"position: absolute; clip: rect(1px, 1px, 1px, 1px);\" title=\"\u00ab\u00a0XBOX ONE ou PS4 ? &#8211; Vous avez la parole [Mang&rsquo;Azur 2018]\u00a0\u00bb &#8212; LE METALLEUX GEEK\" src=\"http:\/\/lemetalleuxgeek.com\/index.php\/2020\/11\/02\/xbox-one-ou-ps4-vous-avez-la-parole-mangazur-2018\/embed\/#?secret=ESXctlGokX\" data-secret=\"ESXctlGokX\" width=\"600\" height=\"338\" frameborder=\"0\" marginwidth=\"0\" marginheight=\"0\" scrolling=\"no\"><\/iframe>\n<\/div><\/figure>\n\n\n\n<figure class=\"wp-block-embed is-type-wp-embed is-provider-le-metalleux-geek wp-block-embed-le-metalleux-geek\"><div class=\"wp-block-embed__wrapper\">\n<blockquote class=\"wp-embedded-content\" data-secret=\"DY0JG9e9TY\"><a href=\"http:\/\/lemetalleuxgeek.com\/index.php\/2020\/11\/02\/manga-ou-comics-vous-avez-la-parole-mangazur-2017\/\">Manga ou Comics ? &#8211; Vous avez la parole [Mang&rsquo;Azur 2017]<\/a><\/blockquote><iframe loading=\"lazy\" class=\"wp-embedded-content\" sandbox=\"allow-scripts\" security=\"restricted\" style=\"position: absolute; clip: rect(1px, 1px, 1px, 1px);\" title=\"\u00ab\u00a0Manga ou Comics ? &#8211; Vous avez la parole [Mang&rsquo;Azur 2017]\u00a0\u00bb &#8212; LE METALLEUX GEEK\" src=\"http:\/\/lemetalleuxgeek.com\/index.php\/2020\/11\/02\/manga-ou-comics-vous-avez-la-parole-mangazur-2017\/embed\/#?secret=DY0JG9e9TY\" data-secret=\"DY0JG9e9TY\" width=\"600\" height=\"338\" frameborder=\"0\" marginwidth=\"0\" marginheight=\"0\" scrolling=\"no\"><\/iframe>\n<\/div><\/figure>\n\n\n\n<figure class=\"wp-block-embed is-type-wp-embed is-provider-le-metalleux-geek wp-block-embed-le-metalleux-geek\"><div class=\"wp-block-embed__wrapper\">\n<blockquote class=\"wp-embedded-content\" data-secret=\"ULelfR7liq\"><a href=\"http:\/\/lemetalleuxgeek.com\/index.php\/2020\/11\/02\/sonic-ou-mario-vous-avez-la-parole-japan-expo-sud-2017\/\">Sonic ou Mario ? &#8211; Vous avez la parole [Japan Expo Sud 2017]<\/a><\/blockquote><iframe loading=\"lazy\" class=\"wp-embedded-content\" sandbox=\"allow-scripts\" security=\"restricted\" style=\"position: absolute; clip: rect(1px, 1px, 1px, 1px);\" title=\"\u00ab\u00a0Sonic ou Mario ? &#8211; Vous avez la parole [Japan Expo Sud 2017]\u00a0\u00bb &#8212; LE METALLEUX GEEK\" src=\"http:\/\/lemetalleuxgeek.com\/index.php\/2020\/11\/02\/sonic-ou-mario-vous-avez-la-parole-japan-expo-sud-2017\/embed\/#?secret=ULelfR7liq\" data-secret=\"ULelfR7liq\" width=\"600\" height=\"338\" frameborder=\"0\" marginwidth=\"0\" marginheight=\"0\" scrolling=\"no\"><\/iframe>\n<\/div><\/figure>\n\n\n\n<figure class=\"wp-block-embed is-type-wp-embed is-provider-le-metalleux-geek wp-block-embed-le-metalleux-geek\"><div class=\"wp-block-embed__wrapper\">\n<blockquote class=\"wp-embedded-content\" data-secret=\"PAb7mreq83\"><a href=\"http:\/\/lemetalleuxgeek.com\/index.php\/2020\/11\/02\/sangoku-ou-vegeta-vous-avez-la-parole-sorietsu-2016\/\">Sangoku ou Vegeta ? &#8211; Vous avez la parole [Sorietsu 2016]<\/a><\/blockquote><iframe loading=\"lazy\" class=\"wp-embedded-content\" sandbox=\"allow-scripts\" security=\"restricted\" style=\"position: absolute; clip: rect(1px, 1px, 1px, 1px);\" title=\"\u00ab\u00a0Sangoku ou Vegeta ? &#8211; Vous avez la parole [Sorietsu 2016]\u00a0\u00bb &#8212; LE METALLEUX GEEK\" src=\"http:\/\/lemetalleuxgeek.com\/index.php\/2020\/11\/02\/sangoku-ou-vegeta-vous-avez-la-parole-sorietsu-2016\/embed\/#?secret=PAb7mreq83\" data-secret=\"PAb7mreq83\" width=\"600\" height=\"338\" frameborder=\"0\" marginwidth=\"0\" marginheight=\"0\" scrolling=\"no\"><\/iframe>\n<\/div><\/figure>\n","protected":false},"excerpt":{"rendered":"<p>Le M\u00e9talleux Geek part \u00e0 votre rencontre, micro \u00e0 la main, pour poser les questions les plus existentielles de la pop culture\u2026<\/p>\n","protected":false},"author":1,"featured_media":0,"parent":0,"menu_order":0,"comment_status":"closed","ping_status":"closed","template":"","meta":{"footnotes":""},"class_list":["post-125","page","type-page","status-publish","hentry"],"_links":{"self":[{"href":"https:\/\/lemetalleuxgeek.com\/index.php\/wp-json\/wp\/v2\/pages\/125","targetHints":{"allow":["GET"]}}],"collection":[{"href":"https:\/\/lemetalleuxgeek.com\/index.php\/wp-json\/wp\/v2\/pages"}],"about":[{"href":"https:\/\/lemetalleuxgeek.com\/index.php\/wp-json\/wp\/v2\/types\/page"}],"author":[{"embeddable":true,"href":"https:\/\/lemetalleuxgeek.com\/index.php\/wp-json\/wp\/v2\/users\/1"}],"replies":[{"embeddable":true,"href":"https:\/\/lemetalleuxgeek.com\/index.php\/wp-json\/wp\/v2\/comments?post=125"}],"version-history":[{"count":3,"href":"https:\/\/lemetalleuxgeek.com\/index.php\/wp-json\/wp\/v2\/pages\/125\/revisions"}],"predecessor-version":[{"id":1358,"href":"https:\/\/lemetalleuxgeek.com\/index.php\/wp-json\/wp\/v2\/pages\/125\/revisions\/1358"}],"wp:attachment":[{"href":"https:\/\/lemetalleuxgeek.com\/index.php\/wp-json\/wp\/v2\/media?parent=125"}],"curies":[{"name":"wp","href":"https:\/\/api.w.org\/{rel}","templated":true}]}}