{"id":1136,"date":"2020-11-26T11:44:45","date_gmt":"2020-11-26T10:44:45","guid":{"rendered":"http:\/\/lemetalleuxgeek.com\/?page_id=1136"},"modified":"2020-12-01T10:42:15","modified_gmt":"2020-12-01T09:42:15","slug":"le-crew-le-metalleux-geek","status":"publish","type":"page","link":"https:\/\/lemetalleuxgeek.com\/index.php\/le-crew-le-metalleux-geek\/","title":{"rendered":"Le Crew &#8220;Le M\u00e9talleux Geek&#8221;"},"content":{"rendered":"\n<div class=\"wp-block-media-text alignwide is-stacked-on-mobile\"><figure class=\"wp-block-media-text__media\"><img loading=\"lazy\" decoding=\"async\" width=\"683\" height=\"1024\" src=\"http:\/\/lemetalleuxgeek.com\/wp-content\/uploads\/2020\/11\/FK-171029-017-683x1024.jpg\" alt=\"\" class=\"wp-image-1138\" srcset=\"https:\/\/lemetalleuxgeek.com\/wp-content\/uploads\/2020\/11\/FK-171029-017-683x1024.jpg 683w, https:\/\/lemetalleuxgeek.com\/wp-content\/uploads\/2020\/11\/FK-171029-017-200x300.jpg 200w, https:\/\/lemetalleuxgeek.com\/wp-content\/uploads\/2020\/11\/FK-171029-017-768x1152.jpg 768w, https:\/\/lemetalleuxgeek.com\/wp-content\/uploads\/2020\/11\/FK-171029-017-40x60.jpg 40w, https:\/\/lemetalleuxgeek.com\/wp-content\/uploads\/2020\/11\/FK-171029-017.jpg 800w\" sizes=\"auto, (max-width: 683px) 100vw, 683px\" \/><\/figure><div class=\"wp-block-media-text__content\">\n<div class=\"wp-block-group\"><div class=\"wp-block-group__inner-container is-layout-flow wp-block-group-is-layout-flow\">\n<div class=\"wp-block-group\"><div class=\"wp-block-group__inner-container is-layout-flow wp-block-group-is-layout-flow\">\n<h1 class=\"wp-block-heading\"><strong>John Moleux<\/strong> <\/h1>\n\n\n\n<p><\/p>\n<\/div><\/div>\n\n\n\n<p>Parfois surnomm\u00e9 &#8220;Melot&#8221;. Il est le second acteur principal de la saga de films &#8220;Le M\u00e9talleux Geek&#8221;. On le retrouve aussi en invit\u00e9 dans certaines vid\u00e9os ou certaines cover sur la cha\u00eene Youtube. Avant Le M\u00e9talleux Geek, John Moleux jouait de la guitare dans le m\u00eame groupe de Metal que Le M\u00e9talleux Geek, &#8220;Elenyah&#8221;, depuis 2009.<\/p>\n<\/div><\/div>\n<\/div><\/div>\n\n\n\n<div style=\"height:67px\" aria-hidden=\"true\" class=\"wp-block-spacer\"><\/div>\n\n\n\n<div class=\"wp-block-media-text alignwide has-media-on-the-right is-stacked-on-mobile\"><figure class=\"wp-block-media-text__media\"><img loading=\"lazy\" decoding=\"async\" width=\"1024\" height=\"920\" src=\"http:\/\/lemetalleuxgeek.com\/wp-content\/uploads\/2020\/11\/21687052_1838118929549684_351642722474108376_o-1024x920.jpg\" alt=\"\" class=\"wp-image-1148\" srcset=\"https:\/\/lemetalleuxgeek.com\/wp-content\/uploads\/2020\/11\/21687052_1838118929549684_351642722474108376_o-1024x920.jpg 1024w, https:\/\/lemetalleuxgeek.com\/wp-content\/uploads\/2020\/11\/21687052_1838118929549684_351642722474108376_o-300x270.jpg 300w, https:\/\/lemetalleuxgeek.com\/wp-content\/uploads\/2020\/11\/21687052_1838118929549684_351642722474108376_o-768x690.jpg 768w, https:\/\/lemetalleuxgeek.com\/wp-content\/uploads\/2020\/11\/21687052_1838118929549684_351642722474108376_o-67x60.jpg 67w, https:\/\/lemetalleuxgeek.com\/wp-content\/uploads\/2020\/11\/21687052_1838118929549684_351642722474108376_o.jpg 1282w\" sizes=\"auto, (max-width: 1024px) 100vw, 1024px\" \/><\/figure><div class=\"wp-block-media-text__content\">\n<h1 class=\"wp-block-heading\"><strong>Emma Ginoux<\/strong><\/h1>\n\n\n\n<p>Emma Ginoux joue &#8220;Emylia&#8221;, l&#8217;un des personnages principaux dans la saga de films &#8220;Le M\u00e9talleux Geek&#8221; depuis &#8220;<em>Le M\u00e9talleux Geek &#8211; La Relique des Gamers<\/em>&#8221; en 2014. Elle fut mise en relation pour le r\u00f4le avec Julien par une amie commune qui conseilla Emma pour sa pratique du th\u00e9\u00e2tre. Son r\u00f4le \u00e9tait mineur dans le premier film mais occupe beaucoup plus de temps \u00e0 l&#8217;\u00e9cran par la suite.<\/p>\n<\/div><\/div>\n\n\n\n<div style=\"height:56px\" aria-hidden=\"true\" class=\"wp-block-spacer\"><\/div>\n\n\n\n<div class=\"wp-block-media-text alignwide is-stacked-on-mobile\"><figure class=\"wp-block-media-text__media\"><img loading=\"lazy\" decoding=\"async\" width=\"1024\" height=\"824\" src=\"http:\/\/lemetalleuxgeek.com\/wp-content\/uploads\/2020\/12\/vlcsnap-2020-12-01-09h26m41s976-1024x824.jpg\" alt=\"\" class=\"wp-image-1154\" srcset=\"https:\/\/lemetalleuxgeek.com\/wp-content\/uploads\/2020\/12\/vlcsnap-2020-12-01-09h26m41s976-1024x824.jpg 1024w, https:\/\/lemetalleuxgeek.com\/wp-content\/uploads\/2020\/12\/vlcsnap-2020-12-01-09h26m41s976-300x241.jpg 300w, https:\/\/lemetalleuxgeek.com\/wp-content\/uploads\/2020\/12\/vlcsnap-2020-12-01-09h26m41s976-768x618.jpg 768w, https:\/\/lemetalleuxgeek.com\/wp-content\/uploads\/2020\/12\/vlcsnap-2020-12-01-09h26m41s976-75x60.jpg 75w, https:\/\/lemetalleuxgeek.com\/wp-content\/uploads\/2020\/12\/vlcsnap-2020-12-01-09h26m41s976.jpg 1342w\" sizes=\"auto, (max-width: 1024px) 100vw, 1024px\" \/><\/figure><div class=\"wp-block-media-text__content\">\n<h1 class=\"wp-block-heading\"><strong>Kinlyia<\/strong><\/h1>\n\n\n\n<p>Kinlyia est une gameuse intervenante r\u00e9currente de la cha\u00eene. Vous pouvez la retrouver dans certains clips ou \u00e9missions de la cha\u00eene (&#8220;Le D\u00e9fi des Gamers&#8221; ou certains streams en multijoueurs par exemple). Elle aide \u00e9galement parfois au cadrage de certaines vid\u00e9o comme les &#8220;clips&#8221; de cover ou des \u00e9missions exceptionnelles.<\/p>\n<\/div><\/div>\n\n\n\n<div style=\"height:62px\" aria-hidden=\"true\" class=\"wp-block-spacer\"><\/div>\n\n\n\n<div class=\"wp-block-media-text alignwide has-media-on-the-right is-stacked-on-mobile\"><figure class=\"wp-block-media-text__media\"><img loading=\"lazy\" decoding=\"async\" width=\"1024\" height=\"782\" src=\"http:\/\/lemetalleuxgeek.com\/wp-content\/uploads\/2020\/12\/vlcsnap-2020-12-01-09h34m53s108-1024x782.jpg\" alt=\"\" class=\"wp-image-1157\" srcset=\"https:\/\/lemetalleuxgeek.com\/wp-content\/uploads\/2020\/12\/vlcsnap-2020-12-01-09h34m53s108-1024x782.jpg 1024w, https:\/\/lemetalleuxgeek.com\/wp-content\/uploads\/2020\/12\/vlcsnap-2020-12-01-09h34m53s108-300x229.jpg 300w, https:\/\/lemetalleuxgeek.com\/wp-content\/uploads\/2020\/12\/vlcsnap-2020-12-01-09h34m53s108-768x587.jpg 768w, https:\/\/lemetalleuxgeek.com\/wp-content\/uploads\/2020\/12\/vlcsnap-2020-12-01-09h34m53s108-79x60.jpg 79w, https:\/\/lemetalleuxgeek.com\/wp-content\/uploads\/2020\/12\/vlcsnap-2020-12-01-09h34m53s108.jpg 1414w\" sizes=\"auto, (max-width: 1024px) 100vw, 1024px\" \/><\/figure><div class=\"wp-block-media-text__content\">\n<h2 class=\"wp-block-heading\"><strong>Chiano<\/strong><\/h2>\n\n\n\n<p>Chiano est un gameur et collectionneur que vous pouvez parfois retrouver sur la cha\u00eene dans certaines \u00e9missions comme &#8220;Un rendez-vous chez le M\u00e9talleux Geek&#8221; ou &#8220;Le D\u00e9fi des Gamers&#8221;. Il montre sa collection\/gaming room dans une \u00e9mission sp\u00e9ciale de la cha\u00eene. C&#8217;est un ami de tr\u00e8s longue date de Manu Geek.<\/p>\n<\/div><\/div>\n\n\n\n<div style=\"height:52px\" aria-hidden=\"true\" class=\"wp-block-spacer\"><\/div>\n\n\n\n<div class=\"wp-block-media-text alignwide is-stacked-on-mobile\"><figure class=\"wp-block-media-text__media\"><img loading=\"lazy\" decoding=\"async\" width=\"868\" height=\"784\" src=\"http:\/\/lemetalleuxgeek.com\/wp-content\/uploads\/2020\/12\/vlcsnap-2020-12-01-09h42m24s759.jpg\" alt=\"\" class=\"wp-image-1160\" srcset=\"https:\/\/lemetalleuxgeek.com\/wp-content\/uploads\/2020\/12\/vlcsnap-2020-12-01-09h42m24s759.jpg 868w, https:\/\/lemetalleuxgeek.com\/wp-content\/uploads\/2020\/12\/vlcsnap-2020-12-01-09h42m24s759-300x271.jpg 300w, https:\/\/lemetalleuxgeek.com\/wp-content\/uploads\/2020\/12\/vlcsnap-2020-12-01-09h42m24s759-768x694.jpg 768w, https:\/\/lemetalleuxgeek.com\/wp-content\/uploads\/2020\/12\/vlcsnap-2020-12-01-09h42m24s759-66x60.jpg 66w\" sizes=\"auto, (max-width: 868px) 100vw, 868px\" \/><\/figure><div class=\"wp-block-media-text__content\">\n<h1 class=\"wp-block-heading\"><strong>Joe<\/strong><\/h1>\n\n\n\n<p>Joe fait partie de &#8220;l&#8217;\u00e9quipe de l&#8217;ombre&#8221; qui aide beaucoup Le M\u00e9talleux Geek derri\u00e8re la cam\u00e9ra. Cela dit, il est possible de le retrouver dans certaines vid\u00e9os, comme certains sketchs (&#8220;Le plus gros jeu VR&#8221;) ou \u00e9missions comme &#8220;Le D\u00e9fi des Gamers&#8221;. Il est \u00e9galement membre fondateur de l&#8217;association &#8220;Les Gamers du Coeur&#8221;.<\/p>\n<\/div><\/div>\n\n\n\n<div style=\"height:61px\" aria-hidden=\"true\" class=\"wp-block-spacer\"><\/div>\n\n\n\n<div class=\"wp-block-media-text alignwide has-media-on-the-right is-stacked-on-mobile\"><figure class=\"wp-block-media-text__media\"><img loading=\"lazy\" decoding=\"async\" width=\"683\" height=\"1024\" src=\"http:\/\/lemetalleuxgeek.com\/wp-content\/uploads\/2020\/12\/DSC2851-683x1024.jpg\" alt=\"\" class=\"wp-image-1166\" srcset=\"https:\/\/lemetalleuxgeek.com\/wp-content\/uploads\/2020\/12\/DSC2851-683x1024.jpg 683w, https:\/\/lemetalleuxgeek.com\/wp-content\/uploads\/2020\/12\/DSC2851-200x300.jpg 200w, https:\/\/lemetalleuxgeek.com\/wp-content\/uploads\/2020\/12\/DSC2851-768x1152.jpg 768w, https:\/\/lemetalleuxgeek.com\/wp-content\/uploads\/2020\/12\/DSC2851-1024x1536.jpg 1024w, https:\/\/lemetalleuxgeek.com\/wp-content\/uploads\/2020\/12\/DSC2851-1365x2048.jpg 1365w, https:\/\/lemetalleuxgeek.com\/wp-content\/uploads\/2020\/12\/DSC2851-40x60.jpg 40w, https:\/\/lemetalleuxgeek.com\/wp-content\/uploads\/2020\/12\/DSC2851.jpg 1600w\" sizes=\"auto, (max-width: 683px) 100vw, 683px\" \/><\/figure><div class=\"wp-block-media-text__content\">\n<h1 class=\"wp-block-heading\">Manu Geek<\/h1>\n\n\n\n<p>Manu Geek est un grand ami du M\u00e9talleux Geek qu&#8217;on peut retrouver dans de nombreux projets. Il appara\u00eet assez fr\u00e9quemment en temps qu&#8217;intervenant dans les \u00e9missions de jeux vid\u00e9o et streaming Youtube. Il joua un des r\u00f4les principaux dans le clip de &#8220;Ragequit-man&#8221;. Depuis 2016, et le tout premier concert, il accompagne Le M\u00e9talleux Geek sur sc\u00e8ne dans absolument toutes les formes de show propos\u00e9 en temps que second chanteur\/frontman. Il garde ce r\u00f4le dans le groupe &#8220;Le M\u00e9talleux Geek &#8211; Game Of The Year Edition&#8221;. Manu Geek incarne aussi un personnage dans le film &#8220;Le M\u00e9talleux Geek &#8211; Le Croisement des Mondes&#8221;. Le M\u00e9talleux Geek et Manu se sont rencontr\u00e9s en 2015 dans la boutique de jeu vid\u00e9o &#8220;Game Story&#8221; que ce dernier tenait dans la ville de La Seyne sur Mer.<\/p>\n<\/div><\/div>\n\n\n\n<div style=\"height:55px\" aria-hidden=\"true\" class=\"wp-block-spacer\"><\/div>\n\n\n\n<div class=\"wp-block-media-text alignwide is-stacked-on-mobile\"><figure class=\"wp-block-media-text__media\"><img loading=\"lazy\" decoding=\"async\" width=\"771\" height=\"975\" src=\"http:\/\/lemetalleuxgeek.com\/wp-content\/uploads\/2020\/12\/vlcsnap-2020-12-01-10h04m25s094.jpg\" alt=\"\" class=\"wp-image-1173\" srcset=\"https:\/\/lemetalleuxgeek.com\/wp-content\/uploads\/2020\/12\/vlcsnap-2020-12-01-10h04m25s094.jpg 771w, https:\/\/lemetalleuxgeek.com\/wp-content\/uploads\/2020\/12\/vlcsnap-2020-12-01-10h04m25s094-237x300.jpg 237w, https:\/\/lemetalleuxgeek.com\/wp-content\/uploads\/2020\/12\/vlcsnap-2020-12-01-10h04m25s094-768x971.jpg 768w, https:\/\/lemetalleuxgeek.com\/wp-content\/uploads\/2020\/12\/vlcsnap-2020-12-01-10h04m25s094-47x60.jpg 47w\" sizes=\"auto, (max-width: 771px) 100vw, 771px\" \/><\/figure><div class=\"wp-block-media-text__content\">\n<h1 class=\"wp-block-heading\">Robin Geek<\/h1>\n\n\n\n<p>Robin Geek est un ami de longue date du M\u00e9talleux Geek. Il \u00e9tait le batteur dans l&#8217;ancien groupe de Metal commun avec lui, &#8220;Elenyah&#8221;. On a pu le retrouver la premi\u00e8re fois dans l&#8217;un des r\u00f4les principaux du film &#8220;Le M\u00e9talleux Geek &#8211; La Relique des Gamers&#8221;. Depuis, on peut le voir intervenir fr\u00e9quemment dans les \u00e9missions &#8220;Le D\u00e9fi des Gamers&#8221; ou les streams multijoueurs sur la cha\u00eene. Il r\u00e9cup\u00e8re son r\u00f4le pour le film &#8220;Le M\u00e9talleux Geek &#8211; Le Croisement des Mondes&#8221;. Depuis, il int\u00e9gra le groupe &#8220;Game Of The Year Edition&#8221; en tant que batteur. Le M\u00e9talleux Geek et Robin se sont rencontr\u00e9s lors des ann\u00e9es lyc\u00e9e. <\/p>\n<\/div><\/div>\n\n\n\n<div style=\"height:57px\" aria-hidden=\"true\" class=\"wp-block-spacer\"><\/div>\n\n\n\n<div class=\"wp-block-media-text alignwide has-media-on-the-right is-stacked-on-mobile\"><figure class=\"wp-block-media-text__media\"><img loading=\"lazy\" decoding=\"async\" width=\"961\" height=\"1024\" src=\"http:\/\/lemetalleuxgeek.com\/wp-content\/uploads\/2020\/12\/vlcsnap-2020-12-01-10h13m54s476-961x1024.jpg\" alt=\"\" class=\"wp-image-1176\" srcset=\"https:\/\/lemetalleuxgeek.com\/wp-content\/uploads\/2020\/12\/vlcsnap-2020-12-01-10h13m54s476-961x1024.jpg 961w, https:\/\/lemetalleuxgeek.com\/wp-content\/uploads\/2020\/12\/vlcsnap-2020-12-01-10h13m54s476-282x300.jpg 282w, https:\/\/lemetalleuxgeek.com\/wp-content\/uploads\/2020\/12\/vlcsnap-2020-12-01-10h13m54s476-768x818.jpg 768w, https:\/\/lemetalleuxgeek.com\/wp-content\/uploads\/2020\/12\/vlcsnap-2020-12-01-10h13m54s476-56x60.jpg 56w, https:\/\/lemetalleuxgeek.com\/wp-content\/uploads\/2020\/12\/vlcsnap-2020-12-01-10h13m54s476.jpg 1014w\" sizes=\"auto, (max-width: 961px) 100vw, 961px\" \/><\/figure><div class=\"wp-block-media-text__content\">\n<h1 class=\"wp-block-heading\">Diana Geek<\/h1>\n\n\n\n<p>Diana Geek est \u00e9galement une amie de longue date du M\u00e9talleux Geek. Elle int\u00e8gre le groupe &#8220;Game Of The Year Edition&#8221; d\u00e8s sa formation en tant que guitariste principale et chanteuse. De base plut\u00f4t dans la Pop et les instruments acoustiques, elle apprend \u00e0 manier la guitare \u00e9lectrique sp\u00e9cialement pour l&#8217;occasion. Elle intervient \u00e9galement dans certaines \u00e9missions et streams, et fait de la figuration \u00e0 plusieurs reprises dans le film &#8220;Le M\u00e9talleux Geek &#8211; Le Croisement des Mondes&#8221;. Elle rencontra Le M\u00e9talleux Geek lorsque ce dernier chantait encore dans le groupe &#8220;Elenyah&#8221;.<\/p>\n<\/div><\/div>\n\n\n\n<div style=\"height:55px\" aria-hidden=\"true\" class=\"wp-block-spacer\"><\/div>\n\n\n\n<div class=\"wp-block-media-text alignwide is-stacked-on-mobile\"><figure class=\"wp-block-media-text__media\"><img loading=\"lazy\" decoding=\"async\" width=\"489\" height=\"654\" src=\"http:\/\/lemetalleuxgeek.com\/wp-content\/uploads\/2020\/12\/vlcsnap-2020-12-01-10h23m27s905.jpg\" alt=\"\" class=\"wp-image-1178\" srcset=\"https:\/\/lemetalleuxgeek.com\/wp-content\/uploads\/2020\/12\/vlcsnap-2020-12-01-10h23m27s905.jpg 489w, https:\/\/lemetalleuxgeek.com\/wp-content\/uploads\/2020\/12\/vlcsnap-2020-12-01-10h23m27s905-224x300.jpg 224w, https:\/\/lemetalleuxgeek.com\/wp-content\/uploads\/2020\/12\/vlcsnap-2020-12-01-10h23m27s905-45x60.jpg 45w\" sizes=\"auto, (max-width: 489px) 100vw, 489px\" \/><\/figure><div class=\"wp-block-media-text__content\">\n<h1 class=\"wp-block-heading\">Trapix<\/h1>\n\n\n\n<p>Trapix est un bon ami du M\u00e9talleux Geek que l&#8217;on peut retrouver dans certaines \u00e9missions sur la cha\u00eene comme le tout premier Quiz Gaming ou le test du casque VR HP par exemple. Le M\u00e9talleux Geek et lui se rencontr\u00e8rent autour du tout premier prototype du casque &#8220;Oculus Rift&#8221; import\u00e9 des Etats-Unis, le jeu vid\u00e9o et la r\u00e9alit\u00e9 virtuelle \u00e9tant une passion commune. il a \u00e9galement aid\u00e9 pour certaines vid\u00e9o, comme la mise en place du d\u00e9cor dans le clip &#8220;Je suis un joueur PC&#8221;.<\/p>\n<\/div><\/div>\n\n\n\n<div style=\"height:58px\" aria-hidden=\"true\" class=\"wp-block-spacer\"><\/div>\n\n\n\n<div class=\"wp-block-media-text alignwide has-media-on-the-right is-stacked-on-mobile\"><figure class=\"wp-block-media-text__media\"><img loading=\"lazy\" decoding=\"async\" width=\"760\" height=\"1024\" src=\"http:\/\/lemetalleuxgeek.com\/wp-content\/uploads\/2020\/12\/vlcsnap-2020-12-01-10h28m33s961-760x1024.jpg\" alt=\"\" class=\"wp-image-1181\" srcset=\"https:\/\/lemetalleuxgeek.com\/wp-content\/uploads\/2020\/12\/vlcsnap-2020-12-01-10h28m33s961-760x1024.jpg 760w, https:\/\/lemetalleuxgeek.com\/wp-content\/uploads\/2020\/12\/vlcsnap-2020-12-01-10h28m33s961-223x300.jpg 223w, https:\/\/lemetalleuxgeek.com\/wp-content\/uploads\/2020\/12\/vlcsnap-2020-12-01-10h28m33s961-768x1034.jpg 768w, https:\/\/lemetalleuxgeek.com\/wp-content\/uploads\/2020\/12\/vlcsnap-2020-12-01-10h28m33s961-45x60.jpg 45w, https:\/\/lemetalleuxgeek.com\/wp-content\/uploads\/2020\/12\/vlcsnap-2020-12-01-10h28m33s961.jpg 802w\" sizes=\"auto, (max-width: 760px) 100vw, 760px\" \/><\/figure><div class=\"wp-block-media-text__content\">\n<h1 class=\"wp-block-heading\">Dominique Shivers<\/h1>\n\n\n\n<p>Shivers est un bon ami du M\u00e9talleux Geek. Il a particip\u00e9, aux c\u00f4t\u00e9s de Trapix, au tout premier Quiz Geek de la cha\u00eene. On le retrouve parfois dans certaines vid\u00e9os. Il incarne par exemple le policier de Grotham City dans le clip de &#8220;Ragequit-man&#8221;, ou &#8220;Monsieur Nintendo&#8221; sur la vid\u00e9o en \u00e9cran g\u00e9ant des concerts &#8220;Virtua Show&#8221; du M\u00e9talleux Geek. Il incarne \u00e9galement l&#8217;un des personnages principaux dans le film &#8220;Le M\u00e9talleux Geek &#8211; Le Croisement des Mondes&#8221;. C&#8217;est un grand gamer ainsi qu&#8217;un PC-iste assum\u00e9. Il rencontre Le M\u00e9talleux Geek par le biais de Trapix qui est un ami commun.<\/p>\n<\/div><\/div>\n\n\n\n<div style=\"height:57px\" aria-hidden=\"true\" class=\"wp-block-spacer\"><\/div>\n\n\n\n<div class=\"wp-block-media-text alignwide is-stacked-on-mobile\"><figure class=\"wp-block-media-text__media\"><img loading=\"lazy\" decoding=\"async\" width=\"1024\" height=\"932\" src=\"http:\/\/lemetalleuxgeek.com\/wp-content\/uploads\/2020\/12\/vlcsnap-2020-12-01-10h34m25s823-1024x932.jpg\" alt=\"\" class=\"wp-image-1184\" srcset=\"https:\/\/lemetalleuxgeek.com\/wp-content\/uploads\/2020\/12\/vlcsnap-2020-12-01-10h34m25s823-1024x932.jpg 1024w, https:\/\/lemetalleuxgeek.com\/wp-content\/uploads\/2020\/12\/vlcsnap-2020-12-01-10h34m25s823-300x273.jpg 300w, https:\/\/lemetalleuxgeek.com\/wp-content\/uploads\/2020\/12\/vlcsnap-2020-12-01-10h34m25s823-768x699.jpg 768w, https:\/\/lemetalleuxgeek.com\/wp-content\/uploads\/2020\/12\/vlcsnap-2020-12-01-10h34m25s823-66x60.jpg 66w, https:\/\/lemetalleuxgeek.com\/wp-content\/uploads\/2020\/12\/vlcsnap-2020-12-01-10h34m25s823.jpg 1186w\" sizes=\"auto, (max-width: 1024px) 100vw, 1024px\" \/><\/figure><div class=\"wp-block-media-text__content\">\n<h1 class=\"wp-block-heading\">Ben<\/h1>\n\n\n\n<p>Ben est un bon ami du M\u00e9talleux Geek, et fait partie des &#8220;hommes de l&#8217;ombre&#8221;. Si on a pu le voir appara\u00eetre dans de tr\u00e8s anciennes \u00e9missions du M\u00e9talleux Geek en temps que &#8220;Monsieur Goron&#8221;, on ne le voit plus beaucoup appara\u00eetre \u00e0 l&#8217;\u00e9cran aujourd&#8217;hui. Cependant, il reste fr\u00e9quemment pr\u00e9sent pour aider Le M\u00e9talleux Geek sur les tournages et sur la r\u00e9alisation de certains projets tels que certains clips (&#8220;J&#8217;aime la Switch&#8221;, &#8220;Je suis un joueur PC&#8221;, &#8220;Snake Eater&#8221;&#8230;). Il a \u00e9galement beaucoup aid\u00e9 \u00e0 la r\u00e9alisation et tournages de certaines sc\u00e8nes du film &#8220;Le M\u00e9talleux Geek &#8211; Le Croisement des Mondes&#8221;. Ben et Le M\u00e9talleux Geek se sont rencontr\u00e9s par le biais de Trapix.<\/p>\n<\/div><\/div>\n","protected":false},"excerpt":{"rendered":"<p>Emma Ginoux Emma Ginoux joue &#8220;Emylia&#8221;, l&#8217;un des personnages principaux dans la saga de films &#8220;Le M\u00e9talleux Geek&#8221; depuis &#8220;Le M\u00e9talleux Geek &#8211; La Relique des Gamers&#8221; en 2014. Elle fut mise en relation pour le r\u00f4le avec Julien par une amie commune qui conseilla Emma pour sa pratique du th\u00e9\u00e2tre. Son r\u00f4le \u00e9tait mineur &hellip; <\/p>\n","protected":false},"author":2,"featured_media":1140,"parent":0,"menu_order":0,"comment_status":"closed","ping_status":"closed","template":"","meta":{"footnotes":""},"class_list":["post-1136","page","type-page","status-publish","has-post-thumbnail","hentry"],"_links":{"self":[{"href":"https:\/\/lemetalleuxgeek.com\/index.php\/wp-json\/wp\/v2\/pages\/1136","targetHints":{"allow":["GET"]}}],"collection":[{"href":"https:\/\/lemetalleuxgeek.com\/index.php\/wp-json\/wp\/v2\/pages"}],"about":[{"href":"https:\/\/lemetalleuxgeek.com\/index.php\/wp-json\/wp\/v2\/types\/page"}],"author":[{"embeddable":true,"href":"https:\/\/lemetalleuxgeek.com\/index.php\/wp-json\/wp\/v2\/users\/2"}],"replies":[{"embeddable":true,"href":"https:\/\/lemetalleuxgeek.com\/index.php\/wp-json\/wp\/v2\/comments?post=1136"}],"version-history":[{"count":29,"href":"https:\/\/lemetalleuxgeek.com\/index.php\/wp-json\/wp\/v2\/pages\/1136\/revisions"}],"predecessor-version":[{"id":1185,"href":"https:\/\/lemetalleuxgeek.com\/index.php\/wp-json\/wp\/v2\/pages\/1136\/revisions\/1185"}],"wp:featuredmedia":[{"embeddable":true,"href":"https:\/\/lemetalleuxgeek.com\/index.php\/wp-json\/wp\/v2\/media\/1140"}],"wp:attachment":[{"href":"https:\/\/lemetalleuxgeek.com\/index.php\/wp-json\/wp\/v2\/media?parent=1136"}],"curies":[{"name":"wp","href":"https:\/\/api.w.org\/{rel}","templated":true}]}}