{"id":110,"date":"2020-10-27T18:04:37","date_gmt":"2020-10-27T17:04:37","guid":{"rendered":"http:\/\/lemetalleuxgeek.com\/?page_id=110"},"modified":"2020-10-31T16:15:22","modified_gmt":"2020-10-31T15:15:22","slug":"emissions-jv","status":"publish","type":"page","link":"https:\/\/lemetalleuxgeek.com\/index.php\/emissions-jv\/","title":{"rendered":"Emissions Jeux Video"},"content":{"rendered":"\n<p class=\"has-text-align-center\">Retrouvez tout le contenu &#8220;Le M\u00e9talleux Geek&#8221; dans diff\u00e9rentes \u00e9missions de jeux vid\u00e9o au concepts vari\u00e9s !<\/p>\n\n\n\n<div class=\"wp-block-image\"><figure class=\"aligncenter size-medium is-resized\"><img loading=\"lazy\" decoding=\"async\" src=\"http:\/\/lemetalleuxgeek.com\/wp-content\/uploads\/2020\/10\/DSC2850-200x300.jpg\" alt=\"\" class=\"wp-image-17\" width=\"364\" height=\"546\" srcset=\"https:\/\/lemetalleuxgeek.com\/wp-content\/uploads\/2020\/10\/DSC2850-200x300.jpg 200w, https:\/\/lemetalleuxgeek.com\/wp-content\/uploads\/2020\/10\/DSC2850-768x1152.jpg 768w, https:\/\/lemetalleuxgeek.com\/wp-content\/uploads\/2020\/10\/DSC2850-683x1024.jpg 683w, https:\/\/lemetalleuxgeek.com\/wp-content\/uploads\/2020\/10\/DSC2850.jpg 1600w\" sizes=\"auto, (max-width: 364px) 100vw, 364px\" \/><\/figure><\/div>\n","protected":false},"excerpt":{"rendered":"<p>Retrouvez tout le contenu &#8220;Le M\u00e9talleux Geek&#8221; dans diff\u00e9rentes \u00e9missions de jeux vid\u00e9o au concepts vari\u00e9s !<\/p>\n","protected":false},"author":1,"featured_media":0,"parent":0,"menu_order":0,"comment_status":"closed","ping_status":"closed","template":"","meta":{"footnotes":""},"class_list":["post-110","page","type-page","status-publish","hentry"],"_links":{"self":[{"href":"https:\/\/lemetalleuxgeek.com\/index.php\/wp-json\/wp\/v2\/pages\/110","targetHints":{"allow":["GET"]}}],"collection":[{"href":"https:\/\/lemetalleuxgeek.com\/index.php\/wp-json\/wp\/v2\/pages"}],"about":[{"href":"https:\/\/lemetalleuxgeek.com\/index.php\/wp-json\/wp\/v2\/types\/page"}],"author":[{"embeddable":true,"href":"https:\/\/lemetalleuxgeek.com\/index.php\/wp-json\/wp\/v2\/users\/1"}],"replies":[{"embeddable":true,"href":"https:\/\/lemetalleuxgeek.com\/index.php\/wp-json\/wp\/v2\/comments?post=110"}],"version-history":[{"count":4,"href":"https:\/\/lemetalleuxgeek.com\/index.php\/wp-json\/wp\/v2\/pages\/110\/revisions"}],"predecessor-version":[{"id":519,"href":"https:\/\/lemetalleuxgeek.com\/index.php\/wp-json\/wp\/v2\/pages\/110\/revisions\/519"}],"wp:attachment":[{"href":"https:\/\/lemetalleuxgeek.com\/index.php\/wp-json\/wp\/v2\/media?parent=110"}],"curies":[{"name":"wp","href":"https:\/\/api.w.org\/{rel}","templated":true}]}}