{"id":106,"date":"2020-10-27T18:03:09","date_gmt":"2020-10-27T17:03:09","guid":{"rendered":"http:\/\/lemetalleuxgeek.com\/?page_id=106"},"modified":"2025-09-29T16:09:51","modified_gmt":"2025-09-29T14:09:51","slug":"prochains-show-les-dates","status":"publish","type":"page","link":"https:\/\/lemetalleuxgeek.com\/index.php\/prochains-show-les-dates\/","title":{"rendered":"Prochains Show\/Les Dates"},"content":{"rendered":"\n<figure class=\"wp-block-gallery aligncenter has-nested-images columns-default is-cropped wp-block-gallery-1 is-layout-flex wp-block-gallery-is-layout-flex\">\n<figure class=\"wp-block-image size-large\"><img loading=\"lazy\" decoding=\"async\" width=\"1024\" height=\"267\" data-id=\"2167\" src=\"https:\/\/lemetalleuxgeek.com\/wp-content\/uploads\/2025\/03\/BanniereNextShows_00000-1024x267.jpg\" alt=\"\" class=\"wp-image-2167\" srcset=\"https:\/\/lemetalleuxgeek.com\/wp-content\/uploads\/2025\/03\/BanniereNextShows_00000-1024x267.jpg 1024w, https:\/\/lemetalleuxgeek.com\/wp-content\/uploads\/2025\/03\/BanniereNextShows_00000-300x78.jpg 300w, https:\/\/lemetalleuxgeek.com\/wp-content\/uploads\/2025\/03\/BanniereNextShows_00000-768x200.jpg 768w, https:\/\/lemetalleuxgeek.com\/wp-content\/uploads\/2025\/03\/BanniereNextShows_00000-1536x400.jpg 1536w, https:\/\/lemetalleuxgeek.com\/wp-content\/uploads\/2025\/03\/BanniereNextShows_00000-230x60.jpg 230w, https:\/\/lemetalleuxgeek.com\/wp-content\/uploads\/2025\/03\/BanniereNextShows_00000.jpg 1920w\" sizes=\"auto, (max-width: 1024px) 100vw, 1024px\" \/><\/figure>\n<\/figure>\n\n\n\n<figure class=\"wp-block-table is-style-stripes\"><table><tbody><tr><td><strong><em>Ev\u00e8nement<\/em><\/strong><\/td><td><strong><em>Lieu<\/em><\/strong><\/td><td><strong><em>Date<\/em><\/strong><\/td><td><strong><em>Spectacle<\/em><\/strong><\/td><\/tr><tr><td>READY TO HALLOWEEN<\/td><td>Avignon (84)<\/td><td>31 Octobre 2025<\/td><td>&#8220;Pixels &amp; D\u00e9cibels&#8221;<\/td><\/tr><tr><td><em>GAME IN REIMS<\/em><\/td><td>Reims (51)<\/td><td>23 Novembre 2025<\/td><td>&#8220;Back in Time&#8221;<\/td><\/tr><tr><td><em>PIXEL SYNDROME + RAVE ON BINARY + Guest<\/em><\/td><td><em>Yverdon-les-bains (Suisse)<\/em><\/td><td>12 F\u00e9vrier 2026<\/td><td>&#8220;Pixels &amp; D\u00e9cibels&#8221;<\/td><\/tr><tr><td>PIXEL SYNDROME + RAVE ON BINARY + MOKERY<\/td><td>Lyon (69)<\/td><td>13 F\u00e9vrier 2026<\/td><td>&#8220;Pixels &amp; D\u00e9cibels&#8221;<\/td><\/tr><tr><td>PIXEL SYNDROME + RAVE ON BINARY + Guest<\/td><td>Fr\u00e9jus (83)<\/td><td>14 F\u00e9vrier 2026<\/td><td>&#8220;Pixels &amp; D\u00e9cibels&#8221;<\/td><\/tr><\/tbody><\/table><\/figure>\n\n\n\n<p>.<\/p>\n\n\n\n<figure class=\"wp-block-gallery aligncenter has-nested-images columns-default is-cropped wp-block-gallery-2 is-layout-flex wp-block-gallery-is-layout-flex\">\n<figure class=\"wp-block-image size-large\"><img loading=\"lazy\" decoding=\"async\" width=\"1024\" height=\"683\" data-id=\"1951\" src=\"https:\/\/lemetalleuxgeek.com\/wp-content\/uploads\/2023\/11\/FK_AV_PAD03106_DxO_231028-1024x683.jpg\" alt=\"\" class=\"wp-image-1951\" srcset=\"https:\/\/lemetalleuxgeek.com\/wp-content\/uploads\/2023\/11\/FK_AV_PAD03106_DxO_231028-1024x683.jpg 1024w, https:\/\/lemetalleuxgeek.com\/wp-content\/uploads\/2023\/11\/FK_AV_PAD03106_DxO_231028-300x200.jpg 300w, https:\/\/lemetalleuxgeek.com\/wp-content\/uploads\/2023\/11\/FK_AV_PAD03106_DxO_231028-768x512.jpg 768w, https:\/\/lemetalleuxgeek.com\/wp-content\/uploads\/2023\/11\/FK_AV_PAD03106_DxO_231028-450x300.jpg 450w, https:\/\/lemetalleuxgeek.com\/wp-content\/uploads\/2023\/11\/FK_AV_PAD03106_DxO_231028-90x60.jpg 90w, https:\/\/lemetalleuxgeek.com\/wp-content\/uploads\/2023\/11\/FK_AV_PAD03106_DxO_231028.jpg 1200w\" sizes=\"auto, (max-width: 1024px) 100vw, 1024px\" \/><figcaption class=\"wp-element-caption\">Photo by PANDAGRAPHE &#8211; #FOKUZA &#8211; https:\/\/www.fokuza.fr<\/figcaption><\/figure>\n<\/figure>\n\n\n\n<blockquote class=\"wp-block-quote is-layout-flow wp-block-quote-is-layout-flow\">\n<p><strong><em>Dates de concerts pass\u00e9s :<\/em><\/strong><\/p>\n<\/blockquote>\n\n\n\n<figure class=\"wp-block-table is-style-stripes\"><table><tbody><tr><td><strong><em>Ev\u00e8nement<\/em><\/strong><\/td><td><strong><em>Lieu<\/em><\/strong><\/td><td><strong><em>Date<\/em><\/strong><\/td><td><strong><em>Spectacle<\/em><\/strong><\/td><\/tr><tr><td>MONSTER&#8217;S ART FEST &#8220;10 YEARS AFTER&#8221;<\/td><td>Fr\u00e9jus (83)<\/td><td>21 Juin 2025<\/td><td>&#8220;Pixels &amp; D\u00e9cibels&#8221;<\/td><\/tr><tr><td>PIXEL SYNDROME + BALAGIM + SUNROOF<\/td><td>Martigues (13)<\/td><td>23 Mai 2025<\/td><td>&#8220;Pixels &amp; D\u00e9cibels&#8221;<\/td><\/tr><tr><td>JAPAN MANGA WAVE<\/td><td>Perpignan (66)<\/td><td>17 &amp; 18 Mai 2025<\/td><td>&#8220;Back in Time&#8221;<\/td><\/tr><tr><td>MANGANIMES<\/td><td><br>N\u00eemes (30)<\/td><td><br>12 Avril 2025<\/td><td><br>&#8220;Back in Time&#8221;<\/td><\/tr><tr><td>GEEK&#8217;N&#8217;ROCK AIX-EN-PROVENCE<\/td><td>Aix-en-Provence (13)<\/td><td>18 Janvier 2025<\/td><td>&#8220;Pixels &amp; D\u00e9cibels&#8221;<\/td><\/tr><tr><td>PIXEL SYNDROME + TH3ORY + LAST ADDICTION<\/td><td>Fr\u00e9jus (83)<\/td><td>15 Novembre 2024<\/td><td>&#8220;Pixels &amp; D\u00e9cibels&#8221;<\/td><\/tr><tr><td>JAPAN POP SHOW<\/td><td>Nice (06)<\/td><td>9 &amp; 10 Novembre 2024<\/td><td>&#8220;Back in Time&#8221;<\/td><\/tr><tr><td>PIXEL SYNDROME en show priv\u00e9<\/td><td>La Tour D&#8217;Aigue (84)<\/td><td>14 Septembre 2024<\/td><td>&#8220;Back in Time&#8221;<\/td><\/tr><tr><td>PIXEL SYNDROME en show priv\u00e9<\/td><td>Jasseron (01)<\/td><td>1 Septembre 2024<\/td><td>&#8220;Back in Time&#8221;<\/td><\/tr><tr><td>JAPAN POP SHOW<\/td><td>Saint Brieuc (22)<\/td><td>29 &amp; 30 Juin 2024<\/td><td>&#8220;Back in Time&#8221;<\/td><\/tr><tr><td>PIXEL SYNDROME + PUR MALT<\/td><td>Les Arcs sur Argens (83)<\/td><td>21 Juin 2024<\/td><td>&#8220;Pixels &amp; D\u00e9cibels&#8221;<\/td><\/tr><tr><td>JAPAN MANGA WAVE<\/td><td>Dunkerque (59)<\/td><td>15 &amp; 16 Juin 2024<\/td><td>&#8220;Back in Time&#8221;<\/td><\/tr><tr><td>JAPAN MANGA WAVE<\/td><td>La Roche-sur-Foron (74)<\/td><td>25 &amp; 26 Mai 2024<\/td><td>&#8220;Back in Time&#8221;<\/td><\/tr><tr><td>JAPAN POP SHOW<\/td><td>Niort (79)<\/td><td>18 &amp; 19 Mai 2024<\/td><td>&#8220;Back in Time&#8221;<\/td><\/tr><tr><td>JAPAN POP SHOW<\/td><td>Troyes (10)<\/td><td>20 &amp; 21 Avril 2024<\/td><td>&#8220;Back in Time&#8221;<\/td><\/tr><tr><td>JAPAN POP SHOW<\/td><td>Mandelieu (06)<\/td><td>6 &amp; 7 Avril 2024<\/td><td>&#8220;Back in Time&#8221;<\/td><\/tr><tr><td>JAPAN POP SHOW<\/td><td>Bordeaux (33)<\/td><td>2 &amp; 3 F\u00e9vrier 2024<\/td><td>&#8220;Back in Time&#8221;<\/td><\/tr><tr><td>PIXEL SYNDROME + TH3ORY + SUNBORN<\/td><td>Le Cr\u00e8s (34)<\/td><td>9 F\u00e9vrier 2024<\/td><td>&#8220;Pixels &amp; D\u00e9cibels&#8221;<\/td><\/tr><tr><td>PIXEL SYNDROME + BAD TRIPES, Soir\u00e9e libertine \u00e0 la Chrysalide<\/td><td>La Seyne-sur-mer (83)<\/td><td>9 D\u00e9cembre 2023<\/td><td>&#8220;Pixels &amp; D\u00e9cibels&#8221;<\/td><\/tr><tr><td>CASTLE GEEK FESTIVAL 2023<\/td><td>Chateaurenard (13)<\/td><td>28 &amp; 29 Octobre 2023<\/td><td>&#8220;Back in Time&#8221;<\/td><\/tr><tr><td>LE METALLEUX GEEK G.O.T.Y + CYB1RTH<\/td><td>La Garde (83)<\/td><td>15 Juillet 2023<\/td><td>&#8220;Game Of The Year Edition&#8221;<\/td><\/tr><tr><td>GRAND SHOW UNIQUE<\/td><td>Place Jean Jaur\u00e8s, Martigues (13)<\/td><td>21 Juin 2023<\/td><td>Show unique\/Enregistrement DVD Live<\/td><\/tr><tr><td>GEEK&#8217;N&#8217;ROCK FREJUS<\/td><td>Fr\u00e9jus (83)<\/td><td>10 Mars 2023<\/td><td>&#8220;Game Of The Year Edition&#8221;<\/td><\/tr><tr><td>CASTLE GEEK FESTIVAL<\/td><td>Chateaurenard (13)<\/td><td>25 &amp; 26 Juin 2022<\/td><td>&#8220;Game Of The Year Edition&#8221;<\/td><\/tr><tr><td>VIDAUBAN GEEK &amp; GAME<\/td><td>Vidauban (83)<\/td><td>3 Avril 2022<\/td><td>&#8220;Game Of The Year Edition&#8221;<\/td><\/tr><tr><td>JAPAN VANNES MATSURI (w\/ Kickban)<\/td><td>Vannes (56)<\/td><td>23 Octobre 2021<\/td><td>&#8220;Game Of The Year Edition&#8221;<\/td><\/tr><tr><td>MONSTER&#8217;S ART<\/td><td>Fr\u00e9jus (83)<\/td><td>31 Juillet 2021<\/td><td>&#8220;Game Of The Year Edition&#8221;<\/td><\/tr><tr><td>JAPANONYMES<\/td><td>N\u00eemes (30)<\/td><td>Octobre 2020<\/td><td>&#8220;Game Of The Year Edition&#8221;<\/td><\/tr><tr><td>GEEK LIFE<\/td><td>Le Mans (72)<\/td><td>Fevrier 2020<\/td><td>&#8220;Virtua Show&#8221;<\/td><\/tr><tr><td>HEROFESTIVAL (w\/ Chantal Goya)<\/td><td>Marseille (13)<\/td><td>Novembre 2019<\/td><td>&#8220;Virtua Show&#8221;<\/td><\/tr><tr><td>GAME IN REIMS (w\/ Bernard Minet)<\/td><td>Reims (51)<\/td><td>Novembre 2019<\/td><td>&#8220;Virtua Show&#8221;<\/td><\/tr><tr><td>MONSTER&#8217;S ART (w\/ Smash Hit Combo)<\/td><td>Fr\u00e9jus (83)<\/td><td>Octobre 2019<\/td><td>&#8220;Game Of The year Edition&#8221;<\/td><\/tr><tr><td>CHIBI ROUEN<\/td><td>Rouen (76)<\/td><td>Octobre 2019<\/td><td>&#8220;Virtua Show&#8221;<\/td><\/tr><tr><td>MONTAUROCK (w\/ Dagoba, Smash Hit Combo)<\/td><td>Montauroux (83)<\/td><td>Juillet 2019<\/td><td>&#8220;Virtua Show&#8221;<\/td><\/tr><tr><td>GEEK UNCHAINED<\/td><td>Mulhouse (68)<\/td><td>Juin 2019<\/td><td>&#8220;Virtua Show&#8221;<\/td><\/tr><tr><td>MONSTER&#8217;S ART<\/td><td>Fr\u00e9jus (83)<\/td><td>Mai 2019<\/td><td>&#8220;Virtua Show&#8221;<\/td><\/tr><tr><td>L&#8217;IMPASSE<\/td><td>La Seyne sur Mer (83)<\/td><td>Mars 2018<\/td><td>&#8220;Virtua Show&#8221;<\/td><\/tr><tr><td>GAMING GEN<\/td><td>Gardanne (13)<\/td><td>Mars 2019<\/td><td>&#8220;Virtua Show&#8221;<\/td><\/tr><tr><td>JAPAN EXPO SUD<\/td><td>Marseille (13)<\/td><td>F\u00e9vrier 2019<\/td><td>&#8220;Virtua Show&#8221;<\/td><\/tr><tr><td>JAPANONYMES<\/td><td>N\u00eemes (30)<\/td><td>Septembre 2018<\/td><td>&#8220;Virtua Show&#8221;<\/td><\/tr><tr><td>GEEK UNCHAINED<\/td><td>Mulhouse (68)<\/td><td>Juin 2018<\/td><td>&#8220;Virtua Show&#8221;<\/td><\/tr><tr><td>JAPAN MATSURI<\/td><td>Montpellier (34)<\/td><td>Octobre 2017<\/td><td>&#8220;Virtua Show&#8221;<\/td><\/tr><tr><td>CASTRES COVENTION SHOW GAME<\/td><td>Castres (81)<\/td><td>Octobre 2017<\/td><td>&#8220;Virtua Show&#8221;<\/td><\/tr><tr><td>MANGAME SHOW<\/td><td>Fr\u00e9jus (83)<\/td><td>Septembre 2017<\/td><td>&#8220;Virtua Show&#8221;<\/td><\/tr><tr><td>MANGAME SHOW WINTER EDITION<\/td><td>Fr\u00e9jus (83)<\/td><td>Mars 2017<\/td><td>&#8220;Virtua Show&#8221;<\/td><\/tr><tr><td>LA SEYNE GAMES WEEK<\/td><td>La Seyne sur mer (83)<\/td><td>D\u00e9cembre 2016<\/td><td>&#8220;Virtua Show&#8221;<\/td><\/tr><\/tbody><\/table><\/figure>\n\n\n\n<p><\/p>\n","protected":false},"excerpt":{"rendered":"<p>Ev\u00e8nement Lieu Date Spectacle READY TO HALLOWEEN Avignon (84) 31 Octobre 2025 &#8220;Pixels &amp; D\u00e9cibels&#8221; GAME IN REIMS Reims (51) 23 Novembre 2025 &#8220;Back in Time&#8221; PIXEL SYNDROME + RAVE ON BINARY + Guest Yverdon-les-bains (Suisse) 12 F\u00e9vrier 2026 &#8220;Pixels &amp; D\u00e9cibels&#8221; PIXEL SYNDROME + RAVE ON BINARY + MOKERY Lyon (69) 13 F\u00e9vrier 2026 &hellip; <\/p>\n","protected":false},"author":1,"featured_media":0,"parent":0,"menu_order":0,"comment_status":"closed","ping_status":"closed","template":"","meta":{"footnotes":""},"class_list":["post-106","page","type-page","status-publish","hentry"],"_links":{"self":[{"href":"https:\/\/lemetalleuxgeek.com\/index.php\/wp-json\/wp\/v2\/pages\/106","targetHints":{"allow":["GET"]}}],"collection":[{"href":"https:\/\/lemetalleuxgeek.com\/index.php\/wp-json\/wp\/v2\/pages"}],"about":[{"href":"https:\/\/lemetalleuxgeek.com\/index.php\/wp-json\/wp\/v2\/types\/page"}],"author":[{"embeddable":true,"href":"https:\/\/lemetalleuxgeek.com\/index.php\/wp-json\/wp\/v2\/users\/1"}],"replies":[{"embeddable":true,"href":"https:\/\/lemetalleuxgeek.com\/index.php\/wp-json\/wp\/v2\/comments?post=106"}],"version-history":[{"count":27,"href":"https:\/\/lemetalleuxgeek.com\/index.php\/wp-json\/wp\/v2\/pages\/106\/revisions"}],"predecessor-version":[{"id":2185,"href":"https:\/\/lemetalleuxgeek.com\/index.php\/wp-json\/wp\/v2\/pages\/106\/revisions\/2185"}],"wp:attachment":[{"href":"https:\/\/lemetalleuxgeek.com\/index.php\/wp-json\/wp\/v2\/media?parent=106"}],"curies":[{"name":"wp","href":"https:\/\/api.w.org\/{rel}","templated":true}]}}